{"id":25,"date":"2015-10-15T15:32:49","date_gmt":"2015-10-15T12:32:49","guid":{"rendered":"http:\/\/wpoffice\/construction\/?page_id=25"},"modified":"2023-09-26T14:37:50","modified_gmt":"2023-09-26T11:37:50","slug":"hizmetlerimiz","status":"publish","type":"page","link":"https:\/\/www.hedefyapimuhendislik.com.tr\/index.php\/hizmetlerimiz\/","title":{"rendered":"Hizmetlerimiz"},"content":{"rendered":"\n<style type=\"text\/css\" data-created_by=\"avia_inline_auto\" id=\"style-css-av-j8nqt-41662f07343d06136416010eec3613aa\">\n#top .av-special-heading.av-j8nqt-41662f07343d06136416010eec3613aa{\npadding-bottom:0px;\n}\nbody .av-special-heading.av-j8nqt-41662f07343d06136416010eec3613aa .av-special-heading-tag .heading-char{\nfont-size:25px;\n}\n.av-special-heading.av-j8nqt-41662f07343d06136416010eec3613aa .av-subheading{\nfont-size:15px;\n}\n<\/style>\n<div  class='av-special-heading av-j8nqt-41662f07343d06136416010eec3613aa av-special-heading-h2 blockquote modern-quote modern-centered  avia-builder-el-0  el_before_av_hr  avia-builder-el-first '><h2 class='av-special-heading-tag'  itemprop=\"headline\"  >Hizmetlerimiz<\/h2><div class=\"special-heading-border\"><div class=\"special-heading-inner-border\"><\/div><\/div><\/div>\n\n<style type=\"text\/css\" data-created_by=\"avia_inline_auto\" id=\"style-css-av-ixhnt-00355dcfeae15ff5a56f5382d345cc57\">\n#top .hr.av-ixhnt-00355dcfeae15ff5a56f5382d345cc57{\nmargin-top:5px;\nmargin-bottom:35px;\n}\n.hr.av-ixhnt-00355dcfeae15ff5a56f5382d345cc57 .hr-inner{\nwidth:50px;\nborder-color:#efbb20;\n}\n<\/style>\n<div  class='hr av-ixhnt-00355dcfeae15ff5a56f5382d345cc57 hr-custom  avia-builder-el-1  el_after_av_heading  el_before_av_one_half  hr-center hr-icon-no'><span class='hr-inner inner-border-av-border-fat'><span class=\"hr-inner-style\"><\/span><\/span><\/div>\n\n<style type=\"text\/css\" data-created_by=\"avia_inline_auto\" id=\"style-css-av-hyovt-4bfa54429e64767a0193669fa69eeced\">\n.flex_column.av-hyovt-4bfa54429e64767a0193669fa69eeced{\nborder-radius:0px 0px 0px 0px;\n-webkit-border-radius:0px 0px 0px 0px;\n-moz-border-radius:0px 0px 0px 0px;\n}\n<\/style>\n<div class='flex_column av-hyovt-4bfa54429e64767a0193669fa69eeced av_one_half  avia-builder-el-2  el_after_av_hr  el_before_av_one_half  first flex_column_div  av-animated-generic bottom-to-top av-zero-column-padding '   ><p>\n<style type=\"text\/css\" data-created_by=\"avia_inline_auto\" id=\"style-css-av-hjdnd-1a6b481b2a7a12c8d162a6347e3c5290\">\n.avia-image-container.av-hjdnd-1a6b481b2a7a12c8d162a6347e3c5290 .av-image-caption-overlay-center{\ncolor:#ffffff;\n}\n<\/style>\n<div  class='avia-image-container av-hjdnd-1a6b481b2a7a12c8d162a6347e3c5290 av-styling-no-styling avia-align-center  avia-builder-el-3  el_before_av_heading  avia-builder-el-first '  itemprop=\"image\" itemscope=\"itemscope\" itemtype=\"https:\/\/schema.org\/ImageObject\" ><div class=\"avia-image-container-inner\"><div class=\"avia-image-overlay-wrap\"><a href=\"https:\/\/www.hedefyapimuhendislik.com.tr\/index.php\/hizmetlerimiz\/planlama-ve-mimarlik\/\" class='avia_image' ><img decoding=\"async\" width=\"1500\" height=\"630\" class='wp-image-548 avia-img-lazy-loading-not-548 avia_image' src=\"https:\/\/www.hedefyapimuhendislik.com.tr\/wp-content\/uploads\/2023\/09\/hedefyapi-planlama-mimarlik-1-1500x630-1.jpg\" alt='' title='hedefyapi-planlama-mimarlik-1-1500x630'  itemprop=\"thumbnailUrl\" srcset=\"https:\/\/www.hedefyapimuhendislik.com.tr\/wp-content\/uploads\/2023\/09\/hedefyapi-planlama-mimarlik-1-1500x630-1.jpg 1500w, https:\/\/www.hedefyapimuhendislik.com.tr\/wp-content\/uploads\/2023\/09\/hedefyapi-planlama-mimarlik-1-1500x630-1-300x126.jpg 300w, https:\/\/www.hedefyapimuhendislik.com.tr\/wp-content\/uploads\/2023\/09\/hedefyapi-planlama-mimarlik-1-1500x630-1-1030x433.jpg 1030w, https:\/\/www.hedefyapimuhendislik.com.tr\/wp-content\/uploads\/2023\/09\/hedefyapi-planlama-mimarlik-1-1500x630-1-768x323.jpg 768w, https:\/\/www.hedefyapimuhendislik.com.tr\/wp-content\/uploads\/2023\/09\/hedefyapi-planlama-mimarlik-1-1500x630-1-705x296.jpg 705w\" sizes=\"(max-width: 1500px) 100vw, 1500px\" \/><\/a><\/div><\/div><\/div><br \/>\n\n<style type=\"text\/css\" data-created_by=\"avia_inline_auto\" id=\"style-css-av-h2mk9-db7d697da10065a4c2c02a9d3cab86f9\">\n#top .av-special-heading.av-h2mk9-db7d697da10065a4c2c02a9d3cab86f9{\npadding-bottom:0px;\n}\nbody .av-special-heading.av-h2mk9-db7d697da10065a4c2c02a9d3cab86f9 .av-special-heading-tag .heading-char{\nfont-size:25px;\n}\n.av-special-heading.av-h2mk9-db7d697da10065a4c2c02a9d3cab86f9 .av-subheading{\nfont-size:15px;\n}\n<\/style>\n<div  class='av-special-heading av-h2mk9-db7d697da10065a4c2c02a9d3cab86f9 av-special-heading-h3 blockquote modern-quote  avia-builder-el-4  el_after_av_image  el_before_av_hr  av-linked-heading'><h3 class='av-special-heading-tag'  itemprop=\"headline\"  ><a class=\"av-heading-link\" href=\"https:\/\/www.hedefyapimuhendislik.com.tr\/index.php\/hizmetlerimiz\/planlama-ve-mimarlik\/\">Planlama ve Mimarl\u0131k<\/a><\/h3><div class=\"special-heading-border\"><div class=\"special-heading-inner-border\"><\/div><\/div><\/div><br \/>\n\n<style type=\"text\/css\" data-created_by=\"avia_inline_auto\" id=\"style-css-av-giap1-c25f923273aae465776834c7755548ff\">\n#top .hr.av-giap1-c25f923273aae465776834c7755548ff{\nmargin-top:10px;\nmargin-bottom:10px;\n}\n.hr.av-giap1-c25f923273aae465776834c7755548ff .hr-inner{\nwidth:50px;\nborder-color:#efbb20;\n}\n<\/style>\n<div  class='hr av-giap1-c25f923273aae465776834c7755548ff hr-custom  avia-builder-el-5  el_after_av_heading  el_before_av_textblock  hr-left hr-icon-no'><span class='hr-inner inner-border-av-border-fat'><span class=\"hr-inner-style\"><\/span><\/span><\/div><br \/>\n<section  class='av_textblock_section av-fwitl-c0151bf50e006e1e4fa346c2019de18f'  itemscope=\"itemscope\" itemtype=\"https:\/\/schema.org\/CreativeWork\" ><div class='avia_textblock'  itemprop=\"text\" ><p>Mimari ve in\u015faat planlama, yeni bir yap\u0131n\u0131n tasar\u0131m\u0131ndan ba\u015flayarak in\u015fa edilmesine kadar ge\u00e7en s\u00fcreci kapsar.<\/p>\n<\/div><\/section><\/p><\/div>\n<style type=\"text\/css\" data-created_by=\"avia_inline_auto\" id=\"style-css-av-ff4nx-0ba1447f0269209cc53a44420c58dffe\">\n.flex_column.av-ff4nx-0ba1447f0269209cc53a44420c58dffe{\nborder-radius:0px 0px 0px 0px;\n-webkit-border-radius:0px 0px 0px 0px;\n-moz-border-radius:0px 0px 0px 0px;\n}\n<\/style>\n<div class='flex_column av-ff4nx-0ba1447f0269209cc53a44420c58dffe av_one_half  avia-builder-el-7  el_after_av_one_half  el_before_av_one_half  flex_column_div  av-animated-generic bottom-to-top av-zero-column-padding '   ><p>\n<style type=\"text\/css\" data-created_by=\"avia_inline_auto\" id=\"style-css-av-egt3d-4ac690f87feacf527d511e75b51b2883\">\n.avia-image-container.av-egt3d-4ac690f87feacf527d511e75b51b2883 .av-image-caption-overlay-center{\ncolor:#ffffff;\n}\n<\/style>\n<div  class='avia-image-container av-egt3d-4ac690f87feacf527d511e75b51b2883 av-styling-no-styling avia-align-center  avia-builder-el-8  el_before_av_heading  avia-builder-el-first '  itemprop=\"image\" itemscope=\"itemscope\" itemtype=\"https:\/\/schema.org\/ImageObject\" ><div class=\"avia-image-container-inner\"><div class=\"avia-image-overlay-wrap\"><a href=\"https:\/\/www.hedefyapimuhendislik.com.tr\/index.php\/hizmetlerimiz\/insaat\/\" class='avia_image' ><img decoding=\"async\" width=\"845\" height=\"321\" class='wp-image-80 avia-img-lazy-loading-not-80 avia_image' src=\"https:\/\/www.hedefyapimuhendislik.com.tr\/wp-content\/uploads\/2015\/10\/construction-site-machines-845x321.jpg\" alt='' title='Construction site machines'  itemprop=\"thumbnailUrl\"  \/><\/a><\/div><\/div><\/div><br \/>\n\n<style type=\"text\/css\" data-created_by=\"avia_inline_auto\" id=\"style-css-av-drcqh-668dd501f04282b3a855e39d022f852b\">\n#top .av-special-heading.av-drcqh-668dd501f04282b3a855e39d022f852b{\npadding-bottom:0px;\n}\nbody .av-special-heading.av-drcqh-668dd501f04282b3a855e39d022f852b .av-special-heading-tag .heading-char{\nfont-size:25px;\n}\n.av-special-heading.av-drcqh-668dd501f04282b3a855e39d022f852b .av-subheading{\nfont-size:15px;\n}\n<\/style>\n<div  class='av-special-heading av-drcqh-668dd501f04282b3a855e39d022f852b av-special-heading-h3 blockquote modern-quote  avia-builder-el-9  el_after_av_image  el_before_av_hr  av-linked-heading'><h3 class='av-special-heading-tag'  itemprop=\"headline\"  ><a class=\"av-heading-link\" href=\"https:\/\/www.hedefyapimuhendislik.com.tr\/index.php\/hizmetlerimiz\/insaat\/\">Temel \u0130n\u015faat<\/a><\/h3><div class=\"special-heading-border\"><div class=\"special-heading-inner-border\"><\/div><\/div><\/div><br \/>\n\n<style type=\"text\/css\" data-created_by=\"avia_inline_auto\" id=\"style-css-av-1d62x-bd52856583b89ecd57103b3cf3a78106\">\n#top .hr.av-1d62x-bd52856583b89ecd57103b3cf3a78106{\nmargin-top:10px;\nmargin-bottom:10px;\n}\n.hr.av-1d62x-bd52856583b89ecd57103b3cf3a78106 .hr-inner{\nwidth:50px;\nborder-color:#efbb20;\n}\n<\/style>\n<div  class='hr av-1d62x-bd52856583b89ecd57103b3cf3a78106 hr-custom  avia-builder-el-10  el_after_av_heading  el_before_av_textblock  hr-left hr-icon-no'><span class='hr-inner inner-border-av-border-fat'><span class=\"hr-inner-style\"><\/span><\/span><\/div><br \/>\n<section  class='av_textblock_section av-crqk5-fb945e29bc4341898c6c0c21bb8221c3'  itemscope=\"itemscope\" itemtype=\"https:\/\/schema.org\/CreativeWork\" ><div class='avia_textblock'  itemprop=\"text\" ><p>Kaba in\u015faat yani temel in\u015faat, bir yap\u0131n\u0131n temelini ve ana ta\u015f\u0131y\u0131c\u0131 yap\u0131 elemanlar\u0131n\u0131 olu\u015fturan in\u015faat a\u015famas\u0131n\u0131n birinci a\u015famas\u0131n\u0131 temsil eder.<\/p>\n<\/div><\/section><\/p><\/div>\n<style type=\"text\/css\" data-created_by=\"avia_inline_auto\" id=\"style-css-av-cejbt-7adcb423cfb303cce2771bf46429fde1\">\n.flex_column.av-cejbt-7adcb423cfb303cce2771bf46429fde1{\nborder-radius:0px 0px 0px 0px;\n-webkit-border-radius:0px 0px 0px 0px;\n-moz-border-radius:0px 0px 0px 0px;\n}\n<\/style>\n<div class='flex_column av-cejbt-7adcb423cfb303cce2771bf46429fde1 av_one_half  avia-builder-el-12  el_after_av_one_half  el_before_av_one_half  first flex_column_div  av-animated-generic bottom-to-top av-zero-column-padding column-top-margin'   ><p>\n<style type=\"text\/css\" data-created_by=\"avia_inline_auto\" id=\"style-css-av-bu07h-f347ac16f3064615af5340dab29debf0\">\n.avia-image-container.av-bu07h-f347ac16f3064615af5340dab29debf0 .av-image-caption-overlay-center{\ncolor:#ffffff;\n}\n<\/style>\n<div  class='avia-image-container av-bu07h-f347ac16f3064615af5340dab29debf0 av-styling-no-styling avia-align-center  avia-builder-el-13  el_before_av_heading  avia-builder-el-first '  itemprop=\"image\" itemscope=\"itemscope\" itemtype=\"https:\/\/schema.org\/ImageObject\" ><div class=\"avia-image-container-inner\"><div class=\"avia-image-overlay-wrap\"><a href=\"https:\/\/www.hedefyapimuhendislik.com.tr\/index.php\/hizmetlerimiz\/ev-yenileme-tadilat\/\" class='avia_image' ><img decoding=\"async\" width=\"845\" height=\"321\" class='wp-image-81 avia-img-lazy-loading-not-81 avia_image' src=\"https:\/\/www.hedefyapimuhendislik.com.tr\/wp-content\/uploads\/2015\/10\/cropped-hand-of-a-carpenter-845x321.jpg\" alt='' title='Cropped hand of a carpenter'  itemprop=\"thumbnailUrl\"  \/><\/a><\/div><\/div><\/div><br \/>\n\n<style type=\"text\/css\" data-created_by=\"avia_inline_auto\" id=\"style-css-av-141gd-bdbaec94f391b121b2b4fa27c1e12dab\">\n#top .av-special-heading.av-141gd-bdbaec94f391b121b2b4fa27c1e12dab{\npadding-bottom:0px;\n}\nbody .av-special-heading.av-141gd-bdbaec94f391b121b2b4fa27c1e12dab .av-special-heading-tag .heading-char{\nfont-size:25px;\n}\n.av-special-heading.av-141gd-bdbaec94f391b121b2b4fa27c1e12dab .av-subheading{\nfont-size:15px;\n}\n<\/style>\n<div  class='av-special-heading av-141gd-bdbaec94f391b121b2b4fa27c1e12dab av-special-heading-h3 blockquote modern-quote  avia-builder-el-14  el_after_av_image  el_before_av_hr  av-linked-heading'><h3 class='av-special-heading-tag'  itemprop=\"headline\"  ><a class=\"av-heading-link\" href=\"https:\/\/www.hedefyapimuhendislik.com.tr\/index.php\/hizmetlerimiz\/ev-yenileme-tadilat\/\">Ev Yenileme <span class='special_amp'>&amp;<\/span> Restorasyon<\/a><\/h3><div class=\"special-heading-border\"><div class=\"special-heading-inner-border\"><\/div><\/div><\/div><br \/>\n\n<style type=\"text\/css\" data-created_by=\"avia_inline_auto\" id=\"style-css-av-amrsx-9a96114253cdf29327244a541b277189\">\n#top .hr.av-amrsx-9a96114253cdf29327244a541b277189{\nmargin-top:10px;\nmargin-bottom:10px;\n}\n.hr.av-amrsx-9a96114253cdf29327244a541b277189 .hr-inner{\nwidth:50px;\nborder-color:#efbb20;\n}\n<\/style>\n<div  class='hr av-amrsx-9a96114253cdf29327244a541b277189 hr-custom  avia-builder-el-15  el_after_av_heading  el_before_av_textblock  hr-left hr-icon-no'><span class='hr-inner inner-border-av-border-fat'><span class=\"hr-inner-style\"><\/span><\/span><\/div><br \/>\n<section  class='av_textblock_section av-9oc2d-774ab13ea7ad639b23dea23a64ee4054'  itemscope=\"itemscope\" itemtype=\"https:\/\/schema.org\/CreativeWork\" ><div class='avia_textblock'  itemprop=\"text\" ><p>Ev yenileme ve restorasyon, mevcut bir evin fiziksel yap\u0131s\u0131n\u0131, g\u00f6r\u00fcn\u00fcm\u00fcn\u00fc veya i\u015flevselli\u011fini iyile\u015ftirmeyi ama\u00e7layan bir dizi in\u015faat ve tasar\u0131m i\u015flemini i\u00e7eren bir s\u00fcre\u00e7tir.<\/p>\n<\/div><\/section><\/p><\/div>\n<style type=\"text\/css\" data-created_by=\"avia_inline_auto\" id=\"style-css-av-90sdp-c6da8c07706420e9b5e546ec5e9c237a\">\n.flex_column.av-90sdp-c6da8c07706420e9b5e546ec5e9c237a{\nborder-radius:0px 0px 0px 0px;\n-webkit-border-radius:0px 0px 0px 0px;\n-moz-border-radius:0px 0px 0px 0px;\n}\n<\/style>\n<div class='flex_column av-90sdp-c6da8c07706420e9b5e546ec5e9c237a av_one_half  avia-builder-el-17  el_after_av_one_half  el_before_av_one_half  flex_column_div  av-animated-generic bottom-to-top av-zero-column-padding column-top-margin'   ><p>\n<style type=\"text\/css\" data-created_by=\"avia_inline_auto\" id=\"style-css-av-8e7sx-6f73aa73a37865b2f27906022ec65712\">\n.avia-image-container.av-8e7sx-6f73aa73a37865b2f27906022ec65712 .av-image-caption-overlay-center{\ncolor:#ffffff;\n}\n<\/style>\n<div  class='avia-image-container av-8e7sx-6f73aa73a37865b2f27906022ec65712 av-styling-no-styling avia-align-center  avia-builder-el-18  el_before_av_heading  avia-builder-el-first '  itemprop=\"image\" itemscope=\"itemscope\" itemtype=\"https:\/\/schema.org\/ImageObject\" ><div class=\"avia-image-container-inner\"><div class=\"avia-image-overlay-wrap\"><a href=\"https:\/\/www.hedefyapimuhendislik.com.tr\/index.php\/hizmetlerimiz\/anahtar-teslim-projeler\/\" class='avia_image' ><img decoding=\"async\" width=\"845\" height=\"321\" class='wp-image-79 avia-img-lazy-loading-not-79 avia_image' src=\"https:\/\/www.hedefyapimuhendislik.com.tr\/wp-content\/uploads\/2015\/10\/architect-handling-keys-to-a-couple-845x321.jpg\" alt='' title='Architect handling keys to a couple'  itemprop=\"thumbnailUrl\"  \/><\/a><\/div><\/div><\/div><br \/>\n\n<style type=\"text\/css\" data-created_by=\"avia_inline_auto\" id=\"style-css-av-84wxd-9808753f7e0a0d58ad525546c4c32b9d\">\n#top .av-special-heading.av-84wxd-9808753f7e0a0d58ad525546c4c32b9d{\npadding-bottom:0px;\n}\nbody .av-special-heading.av-84wxd-9808753f7e0a0d58ad525546c4c32b9d .av-special-heading-tag .heading-char{\nfont-size:25px;\n}\n.av-special-heading.av-84wxd-9808753f7e0a0d58ad525546c4c32b9d .av-subheading{\nfont-size:15px;\n}\n<\/style>\n<div  class='av-special-heading av-84wxd-9808753f7e0a0d58ad525546c4c32b9d av-special-heading-h3 blockquote modern-quote  avia-builder-el-19  el_after_av_image  el_before_av_hr  av-linked-heading'><h3 class='av-special-heading-tag'  itemprop=\"headline\"  ><a class=\"av-heading-link\" href=\"https:\/\/www.hedefyapimuhendislik.com.tr\/index.php\/hizmetlerimiz\/anahtar-teslim-projeler\/\">Anahtar Teslim Projoler<\/a><\/h3><div class=\"special-heading-border\"><div class=\"special-heading-inner-border\"><\/div><\/div><\/div><br \/>\n\n<style type=\"text\/css\" data-created_by=\"avia_inline_auto\" id=\"style-css-av-7eidx-8478bafb3a90280b8cd8930edac1beec\">\n#top .hr.av-7eidx-8478bafb3a90280b8cd8930edac1beec{\nmargin-top:10px;\nmargin-bottom:10px;\n}\n.hr.av-7eidx-8478bafb3a90280b8cd8930edac1beec .hr-inner{\nwidth:50px;\nborder-color:#efbb20;\n}\n<\/style>\n<div  class='hr av-7eidx-8478bafb3a90280b8cd8930edac1beec hr-custom  avia-builder-el-20  el_after_av_heading  el_before_av_textblock  hr-left hr-icon-no'><span class='hr-inner inner-border-av-border-fat'><span class=\"hr-inner-style\"><\/span><\/span><\/div><br \/>\n<section  class='av_textblock_section av-6ujk5-25f636844dc12688b642ee2f9e38e553'  itemscope=\"itemscope\" itemtype=\"https:\/\/schema.org\/CreativeWork\" ><div class='avia_textblock'  itemprop=\"text\" ><p>Anahtar teslim in\u015faat projeleri, m\u00fc\u015fteriye bir yap\u0131n\u0131n tamamlanm\u0131\u015f hali olarak teslim edilen komple bir in\u015faat hizmetini ifade eder.<\/p>\n<\/div><\/section><\/p><\/div>\n<style type=\"text\/css\" data-created_by=\"avia_inline_auto\" id=\"style-css-av-6gxtl-2d727a630c0035855b1299d6e78202ac\">\n.flex_column.av-6gxtl-2d727a630c0035855b1299d6e78202ac{\nborder-radius:0px 0px 0px 0px;\n-webkit-border-radius:0px 0px 0px 0px;\n-moz-border-radius:0px 0px 0px 0px;\n}\n<\/style>\n<div class='flex_column av-6gxtl-2d727a630c0035855b1299d6e78202ac av_one_half  avia-builder-el-22  el_after_av_one_half  el_before_av_one_half  first flex_column_div  av-animated-generic bottom-to-top av-zero-column-padding column-top-margin'   ><p>\n<style type=\"text\/css\" data-created_by=\"avia_inline_auto\" id=\"style-css-av-5p9oh-64c327c2526f7cca454d48ebfedf8b71\">\n.avia-image-container.av-5p9oh-64c327c2526f7cca454d48ebfedf8b71 .av-image-caption-overlay-center{\ncolor:#ffffff;\n}\n<\/style>\n<div  class='avia-image-container av-5p9oh-64c327c2526f7cca454d48ebfedf8b71 av-styling-no-styling avia-align-center  avia-builder-el-23  el_before_av_heading  avia-builder-el-first '  itemprop=\"image\" itemscope=\"itemscope\" itemtype=\"https:\/\/schema.org\/ImageObject\" ><div class=\"avia-image-container-inner\"><div class=\"avia-image-overlay-wrap\"><a href=\"https:\/\/www.hedefyapimuhendislik.com.tr\/index.php\/hizmetlerimiz\/ic-mimari\/\" class='avia_image' ><img decoding=\"async\" width=\"845\" height=\"321\" class='wp-image-82 avia-img-lazy-loading-not-82 avia_image' src=\"https:\/\/www.hedefyapimuhendislik.com.tr\/wp-content\/uploads\/2015\/10\/modern-home-845x321.jpg\" alt='' title='Modern home'  itemprop=\"thumbnailUrl\"  \/><\/a><\/div><\/div><\/div><br \/>\n\n<style type=\"text\/css\" data-created_by=\"avia_inline_auto\" id=\"style-css-av-512m5-e9e32360f958397bdb80e60916ae3b4c\">\n#top .av-special-heading.av-512m5-e9e32360f958397bdb80e60916ae3b4c{\npadding-bottom:0px;\n}\nbody .av-special-heading.av-512m5-e9e32360f958397bdb80e60916ae3b4c .av-special-heading-tag .heading-char{\nfont-size:25px;\n}\n.av-special-heading.av-512m5-e9e32360f958397bdb80e60916ae3b4c .av-subheading{\nfont-size:15px;\n}\n<\/style>\n<div  class='av-special-heading av-512m5-e9e32360f958397bdb80e60916ae3b4c av-special-heading-h3 blockquote modern-quote  avia-builder-el-24  el_after_av_image  el_before_av_hr '><h3 class='av-special-heading-tag'  itemprop=\"headline\"  >\u0130\u00e7 Mimari<\/h3><div class=\"special-heading-border\"><div class=\"special-heading-inner-border\"><\/div><\/div><\/div><br \/>\n\n<style type=\"text\/css\" data-created_by=\"avia_inline_auto\" id=\"style-css-av-4i1l1-37d56ff9ed3133baac48dbe3004bfa70\">\n#top .hr.av-4i1l1-37d56ff9ed3133baac48dbe3004bfa70{\nmargin-top:10px;\nmargin-bottom:10px;\n}\n.hr.av-4i1l1-37d56ff9ed3133baac48dbe3004bfa70 .hr-inner{\nwidth:50px;\nborder-color:#efbb20;\n}\n<\/style>\n<div  class='hr av-4i1l1-37d56ff9ed3133baac48dbe3004bfa70 hr-custom  avia-builder-el-25  el_after_av_heading  el_before_av_textblock  hr-left hr-icon-no'><span class='hr-inner inner-border-av-border-fat'><span class=\"hr-inner-style\"><\/span><\/span><\/div><br \/>\n<section  class='av_textblock_section av-3yb0h-21829b576879ab36ed2ec10fb0b0e244'  itemscope=\"itemscope\" itemtype=\"https:\/\/schema.org\/CreativeWork\" ><div class='avia_textblock'  itemprop=\"text\" ><p>Hedef Yap\u0131 Mimarl\u0131k, i\u00e7 mimari projelerini ger\u00e7ekle\u015ftirirken m\u00fc\u015fteri ihtiya\u00e7lar\u0131n\u0131, b\u00fct\u00e7eyi, g\u00fcvenli\u011fi ve estetik unsurlar\u0131 dengeler. Ayr\u0131ca, s\u00fcrd\u00fcr\u00fclebilirlik ve \u00e7evresel etkiler gibi fakt\u00f6rleri de g\u00f6z \u00f6n\u00fcnde bulundurur.<\/p>\n<\/div><\/section><\/p><\/div>\n<style type=\"text\/css\" data-created_by=\"avia_inline_auto\" id=\"style-css-av-3gd6h-362bd52d060eab869233d788a29621dd\">\n.flex_column.av-3gd6h-362bd52d060eab869233d788a29621dd{\nborder-radius:0px 0px 0px 0px;\n-webkit-border-radius:0px 0px 0px 0px;\n-moz-border-radius:0px 0px 0px 0px;\n}\n<\/style>\n<div class='flex_column av-3gd6h-362bd52d060eab869233d788a29621dd av_one_half  avia-builder-el-27  el_after_av_one_half  avia-builder-el-last  flex_column_div  av-animated-generic bottom-to-top av-zero-column-padding column-top-margin'   ><p>\n<style type=\"text\/css\" data-created_by=\"avia_inline_auto\" id=\"style-css-av-2gm55-943e7807e08746e19af8541f376b995b\">\n.avia-image-container.av-2gm55-943e7807e08746e19af8541f376b995b .av-image-caption-overlay-center{\ncolor:#ffffff;\n}\n<\/style>\n<div  class='avia-image-container av-2gm55-943e7807e08746e19af8541f376b995b av-styling-no-styling avia-align-center  avia-builder-el-28  el_before_av_heading  avia-builder-el-first '  itemprop=\"image\" itemscope=\"itemscope\" itemtype=\"https:\/\/schema.org\/ImageObject\" ><div class=\"avia-image-container-inner\"><div class=\"avia-image-overlay-wrap\"><a href=\"https:\/\/www.hedefyapimuhendislik.com.tr\/index.php\/hizmetlerimiz\/buyuk-projeler\/\" class='avia_image' ><img decoding=\"async\" width=\"845\" height=\"321\" class='wp-image-85 avia-img-lazy-loading-not-85 avia_image' src=\"https:\/\/www.hedefyapimuhendislik.com.tr\/wp-content\/uploads\/2015\/10\/urban-development-845x321.jpg\" alt='' title='Urban development'  itemprop=\"thumbnailUrl\"  \/><\/a><\/div><\/div><\/div><br \/>\n\n<style type=\"text\/css\" data-created_by=\"avia_inline_auto\" id=\"style-css-av-1w69h-37cca6ded47ec56281dcb413d3ca6552\">\n#top .av-special-heading.av-1w69h-37cca6ded47ec56281dcb413d3ca6552{\npadding-bottom:0px;\n}\nbody .av-special-heading.av-1w69h-37cca6ded47ec56281dcb413d3ca6552 .av-special-heading-tag .heading-char{\nfont-size:25px;\n}\n.av-special-heading.av-1w69h-37cca6ded47ec56281dcb413d3ca6552 .av-subheading{\nfont-size:15px;\n}\n<\/style>\n<div  class='av-special-heading av-1w69h-37cca6ded47ec56281dcb413d3ca6552 av-special-heading-h3 blockquote modern-quote  avia-builder-el-29  el_after_av_image  el_before_av_hr '><h3 class='av-special-heading-tag'  itemprop=\"headline\"  >B\u00fcy\u00fck Projeler<\/h3><div class=\"special-heading-border\"><div class=\"special-heading-inner-border\"><\/div><\/div><\/div><br \/>\n\n<style type=\"text\/css\" data-created_by=\"avia_inline_auto\" id=\"style-css-av-1e7t9-6adc906d223b7905ec8f3aaaeac0402f\">\n#top .hr.av-1e7t9-6adc906d223b7905ec8f3aaaeac0402f{\nmargin-top:10px;\nmargin-bottom:10px;\n}\n.hr.av-1e7t9-6adc906d223b7905ec8f3aaaeac0402f .hr-inner{\nwidth:50px;\nborder-color:#efbb20;\n}\n<\/style>\n<div  class='hr av-1e7t9-6adc906d223b7905ec8f3aaaeac0402f hr-custom  avia-builder-el-30  el_after_av_heading  el_before_av_textblock  hr-left hr-icon-no'><span class='hr-inner inner-border-av-border-fat'><span class=\"hr-inner-style\"><\/span><\/span><\/div><br \/>\n<section  class='av_textblock_section av-13a51-bcd3b938d42ecc119aee4563cee09fce'  itemscope=\"itemscope\" itemtype=\"https:\/\/schema.org\/CreativeWork\" ><div class='avia_textblock'  itemprop=\"text\" ><p>B\u00fcy\u00fck in\u015faat projeleri, genellikle b\u00fcy\u00fck \u00f6l\u00e7ekli ve karma\u015f\u0131k yap\u0131larla ilgili olan projelerdir. Bu t\u00fcr projeler, altyap\u0131 projeleri, konut geli\u015ftirme projeleri, ticaret merkezleri, hastaneler, havalimanlar\u0131, oteller, enerji santralleri ve \u2026<\/p>\n<\/div><\/section><\/p><\/div><\/p>\n","protected":false},"excerpt":{"rendered":"","protected":false},"author":1,"featured_media":0,"parent":0,"menu_order":0,"comment_status":"closed","ping_status":"closed","template":"","meta":{"footnotes":""},"class_list":["post-25","page","type-page","status-publish","hentry"],"aioseo_notices":[],"_links":{"self":[{"href":"https:\/\/www.hedefyapimuhendislik.com.tr\/index.php\/wp-json\/wp\/v2\/pages\/25","targetHints":{"allow":["GET"]}}],"collection":[{"href":"https:\/\/www.hedefyapimuhendislik.com.tr\/index.php\/wp-json\/wp\/v2\/pages"}],"about":[{"href":"https:\/\/www.hedefyapimuhendislik.com.tr\/index.php\/wp-json\/wp\/v2\/types\/page"}],"author":[{"embeddable":true,"href":"https:\/\/www.hedefyapimuhendislik.com.tr\/index.php\/wp-json\/wp\/v2\/users\/1"}],"replies":[{"embeddable":true,"href":"https:\/\/www.hedefyapimuhendislik.com.tr\/index.php\/wp-json\/wp\/v2\/comments?post=25"}],"version-history":[{"count":8,"href":"https:\/\/www.hedefyapimuhendislik.com.tr\/index.php\/wp-json\/wp\/v2\/pages\/25\/revisions"}],"predecessor-version":[{"id":658,"href":"https:\/\/www.hedefyapimuhendislik.com.tr\/index.php\/wp-json\/wp\/v2\/pages\/25\/revisions\/658"}],"wp:attachment":[{"href":"https:\/\/www.hedefyapimuhendislik.com.tr\/index.php\/wp-json\/wp\/v2\/media?parent=25"}],"curies":[{"name":"wp","href":"https:\/\/api.w.org\/{rel}","templated":true}]}}