{"id":23,"date":"2015-10-15T15:32:40","date_gmt":"2015-10-15T12:32:40","guid":{"rendered":"http:\/\/wpoffice\/construction\/?page_id=23"},"modified":"2025-05-28T11:33:24","modified_gmt":"2025-05-28T08:33:24","slug":"iletisim","status":"publish","type":"page","link":"https:\/\/www.hedefyapimuhendislik.com.tr\/index.php\/iletisim\/","title":{"rendered":"\u0130leti\u015fim"},"content":{"rendered":"\n<style type=\"text\/css\" data-created_by=\"avia_inline_auto\" id=\"style-css-av-lmxa7290-aafcdfe088ca4ff04cfc995ee61f3253\">\n.avia-section.av-lmxa7290-aafcdfe088ca4ff04cfc995ee61f3253 .av-parallax .av-parallax-inner{\nbackground-repeat:no-repeat;\nbackground-image:url(https:\/\/www.hedefyapimuhendislik.com.tr\/wp-content\/uploads\/2015\/10\/urban-development.jpg);\nbackground-position:50% 50%;\nbackground-attachment:scroll;\n}\n.avia-section.av-lmxa7290-aafcdfe088ca4ff04cfc995ee61f3253 .av-section-color-overlay{\nopacity:0.5;\nbackground-color:#000000;\n}\n<\/style>\n<div id='av_section_1'  class='avia-section av-lmxa7290-aafcdfe088ca4ff04cfc995ee61f3253 main_color avia-section-default avia-no-shadow  avia-builder-el-0  el_before_av_two_third  avia-builder-el-first  avia-full-stretch av-parallax-section avia-bg-style-parallax av-section-color-overlay-active av-minimum-height av-minimum-height-50  container_wrap sidebar_right'  data-section-bg-repeat='stretch' data-av_minimum_height_pc='50'><div class='av-parallax' data-avia-parallax-ratio='0.3' ><div class='av-parallax-inner main_color avia-full-stretch'><\/div><\/div><div class='av-section-color-overlay-wrap'><div class=\"av-section-color-overlay\"><\/div><a href='#next-section' title='' class='scroll-down-link ' aria-hidden='true' data-av_icon='\ue877' data-av_iconfont='entypo-fontello'><\/a><div class='container av-section-cont-open' ><main  role=\"main\" itemprop=\"mainContentOfPage\"  class='template-page content  av-content-small alpha units'><div class='post-entry post-entry-type-page post-entry-23'><div class='entry-content-wrapper clearfix'>\n\n<style type=\"text\/css\" data-created_by=\"avia_inline_auto\" id=\"style-css-av-1pt8z-74e3fdf63e6e12c6ea56ef971698f441\">\n.flex_column.av-1pt8z-74e3fdf63e6e12c6ea56ef971698f441{\nborder-radius:0px 0px 0px 0px;\n-webkit-border-radius:0px 0px 0px 0px;\n-moz-border-radius:0px 0px 0px 0px;\n}\n<\/style>\n<div class='flex_column av-1pt8z-74e3fdf63e6e12c6ea56ef971698f441 av_one_full  avia-builder-el-1  avia-builder-el-no-sibling  first flex_column_div  av-animated-generic bottom-to-top av-zero-column-padding '   ><p>\n<style type=\"text\/css\" data-created_by=\"avia_inline_auto\" id=\"style-css-av-lmxa68en-078ed5d4176ca4d281d74da3d2c36cc5\">\n#top .av-special-heading.av-lmxa68en-078ed5d4176ca4d281d74da3d2c36cc5{\npadding-bottom:0px;\ncolor:#ffffff;\nfont-size:40px;\n}\nbody .av-special-heading.av-lmxa68en-078ed5d4176ca4d281d74da3d2c36cc5 .av-special-heading-tag .heading-char{\nfont-size:25px;\n}\n#top #wrap_all .av-special-heading.av-lmxa68en-078ed5d4176ca4d281d74da3d2c36cc5 .av-special-heading-tag{\nfont-size:40px;\n}\n.av-special-heading.av-lmxa68en-078ed5d4176ca4d281d74da3d2c36cc5 .special-heading-inner-border{\nborder-color:#ffffff;\n}\n.av-special-heading.av-lmxa68en-078ed5d4176ca4d281d74da3d2c36cc5 .av-subheading{\nfont-size:15px;\n}\n<\/style>\n<div  class='av-special-heading av-lmxa68en-078ed5d4176ca4d281d74da3d2c36cc5 av-special-heading-h3 custom-color-heading blockquote modern-quote modern-centered  avia-builder-el-2  el_before_av_hr  avia-builder-el-first  av-inherit-size'><div class='av_custom_color av-subheading av-subheading_above'><p>Hedef Yap\u0131 M\u00fchendislik<\/p>\n<\/div><h3 class='av-special-heading-tag'  itemprop=\"headline\"  >\u0130leti\u015fim<\/h3><div class=\"special-heading-border\"><div class=\"special-heading-inner-border\"><\/div><\/div><\/div><br \/>\n\n<style type=\"text\/css\" data-created_by=\"avia_inline_auto\" id=\"style-css-av-vue3-15371cde04094112df3300e9acfee9b9\">\n#top .hr.av-vue3-15371cde04094112df3300e9acfee9b9{\nmargin-top:5px;\nmargin-bottom:35px;\n}\n.hr.av-vue3-15371cde04094112df3300e9acfee9b9 .hr-inner{\nwidth:50px;\nborder-color:#efbb20;\n}\n<\/style>\n<div  class='hr av-vue3-15371cde04094112df3300e9acfee9b9 hr-custom  avia-builder-el-3  el_after_av_heading  avia-builder-el-last  hr-center hr-icon-no'><span class='hr-inner inner-border-av-border-fat'><span class=\"hr-inner-style\"><\/span><\/span><\/div><\/p><\/div>\n<\/div><\/div><\/main><!-- close content main element --><\/div><\/div><\/div><div id='after_section_1'  class='main_color av_default_container_wrap container_wrap sidebar_right'  ><div class='container av-section-cont-open' ><div class='template-page content  av-content-small alpha units'><div class='post-entry post-entry-type-page post-entry-23'><div class='entry-content-wrapper clearfix'>\n\n<style type=\"text\/css\" data-created_by=\"avia_inline_auto\" id=\"style-css-av-94y5b-e4f04eaa78556eb872b659b37d2b830e\">\n.flex_column.av-94y5b-e4f04eaa78556eb872b659b37d2b830e{\nborder-radius:0px 0px 0px 0px;\n-webkit-border-radius:0px 0px 0px 0px;\n-moz-border-radius:0px 0px 0px 0px;\n}\n<\/style>\n<div class='flex_column av-94y5b-e4f04eaa78556eb872b659b37d2b830e av_two_third  avia-builder-el-4  el_after_av_section  el_before_av_one_third  avia-builder-el-first  first flex_column_div  av-animated-generic bottom-to-top av-zero-column-padding '   ><p>\n<style type=\"text\/css\" data-created_by=\"avia_inline_auto\" id=\"style-css-av-8nreb-3142c1ad8b1e8626c618e0505dc098e7\">\n#top .av-special-heading.av-8nreb-3142c1ad8b1e8626c618e0505dc098e7{\npadding-bottom:0px;\n}\nbody .av-special-heading.av-8nreb-3142c1ad8b1e8626c618e0505dc098e7 .av-special-heading-tag .heading-char{\nfont-size:25px;\n}\n.av-special-heading.av-8nreb-3142c1ad8b1e8626c618e0505dc098e7 .av-subheading{\nfont-size:15px;\n}\n<\/style>\n<div  class='av-special-heading av-8nreb-3142c1ad8b1e8626c618e0505dc098e7 av-special-heading-h3 blockquote modern-quote  avia-builder-el-5  el_before_av_hr  avia-builder-el-first '><h3 class='av-special-heading-tag'  itemprop=\"headline\"  >Ba\u011flant\u0131ya ge\u00e7in<\/h3><div class=\"special-heading-border\"><div class=\"special-heading-inner-border\"><\/div><\/div><\/div><br \/>\n\n<style type=\"text\/css\" data-created_by=\"avia_inline_auto\" id=\"style-css-av-7ykwz-257b2a3c1cdc10bec79dd8c267ea4d63\">\n#top .hr.av-7ykwz-257b2a3c1cdc10bec79dd8c267ea4d63{\nmargin-top:10px;\nmargin-bottom:10px;\n}\n.hr.av-7ykwz-257b2a3c1cdc10bec79dd8c267ea4d63 .hr-inner{\nwidth:50px;\nborder-color:#efbb20;\n}\n<\/style>\n<div  class='hr av-7ykwz-257b2a3c1cdc10bec79dd8c267ea4d63 hr-custom  avia-builder-el-6  el_after_av_heading  el_before_av_codeblock  hr-left hr-icon-no'><span class='hr-inner inner-border-av-border-fat'><span class=\"hr-inner-style\"><\/span><\/span><\/div><br \/>\n<\/p><\/div>\n<style type=\"text\/css\" data-created_by=\"avia_inline_auto\" id=\"style-css-av-3nwpf-5a28a1e1254bc307c92bb3c4ae391664\">\n.flex_column.av-3nwpf-5a28a1e1254bc307c92bb3c4ae391664{\nborder-radius:0px 0px 0px 0px;\n-webkit-border-radius:0px 0px 0px 0px;\n-moz-border-radius:0px 0px 0px 0px;\n}\n<\/style>\n<div class='flex_column av-3nwpf-5a28a1e1254bc307c92bb3c4ae391664 av_one_third  avia-builder-el-8  el_after_av_two_third  el_before_av_one_full  flex_column_div  av-animated-generic bottom-to-top av-zero-column-padding '   ><p>\n<style type=\"text\/css\" data-created_by=\"avia_inline_auto\" id=\"style-css-av-387tb-6eff5fed793327c23838f3671f617229\">\n#top .av-special-heading.av-387tb-6eff5fed793327c23838f3671f617229{\npadding-bottom:0px;\n}\nbody .av-special-heading.av-387tb-6eff5fed793327c23838f3671f617229 .av-special-heading-tag .heading-char{\nfont-size:25px;\n}\n.av-special-heading.av-387tb-6eff5fed793327c23838f3671f617229 .av-subheading{\nfont-size:15px;\n}\n<\/style>\n<div  class='av-special-heading av-387tb-6eff5fed793327c23838f3671f617229 av-special-heading-h3 blockquote modern-quote  avia-builder-el-9  el_before_av_hr  avia-builder-el-first '><h3 class='av-special-heading-tag'  itemprop=\"headline\"  >\u0130leti\u015fime ge\u00e7menin di\u011fer yollar\u0131<\/h3><div class=\"special-heading-border\"><div class=\"special-heading-inner-border\"><\/div><\/div><\/div><br \/>\n\n<style type=\"text\/css\" data-created_by=\"avia_inline_auto\" id=\"style-css-av-2vgbn-444de49641164b10fc255543f1d20bf5\">\n#top .hr.av-2vgbn-444de49641164b10fc255543f1d20bf5{\nmargin-top:10px;\nmargin-bottom:10px;\n}\n.hr.av-2vgbn-444de49641164b10fc255543f1d20bf5 .hr-inner{\nwidth:50px;\nborder-color:#efbb20;\n}\n<\/style>\n<div  class='hr av-2vgbn-444de49641164b10fc255543f1d20bf5 hr-custom  avia-builder-el-10  el_after_av_heading  el_before_av_textblock  hr-left hr-icon-no'><span class='hr-inner inner-border-av-border-fat'><span class=\"hr-inner-style\"><\/span><\/span><\/div><br \/>\n<section  class='av_textblock_section av-u61v-fd9aeab4f2ffd2019a02738d32e0478a'  itemscope=\"itemscope\" itemtype=\"https:\/\/schema.org\/CreativeWork\" ><div class='avia_textblock'  itemprop=\"text\" ><p><strong>Adres<\/strong><br \/>\nKilyos Mh. Kahyao\u011flu Cd. Bayba\u015fkanlar Sk. No:45<br \/>\nSar\u0131yer \/ \u0130stanbul<br \/>\nT\u00fcrkiye<\/p>\n<p><strong>\u0130leti\u015fim<\/strong><br \/>\ninfo@hedfyapimuhendislik.com.tr<br \/>\n0212 321 70 84<\/p>\n<p><strong>\u00c7al\u0131\u015fma Saatleri<\/strong><br \/>\nPzt-Cm: 8:00-19:00<br \/>\nCmt: 9:00-15:00<br \/>\nPz: kapal\u0131<\/p>\n<\/div><\/section><br \/>\n\n<style type=\"text\/css\" data-created_by=\"avia_inline_auto\" id=\"style-css-av-1hylz-fc726eb782eca49d68ad9c6e220e2d4f\">\n#top .hr.av-1hylz-fc726eb782eca49d68ad9c6e220e2d4f{\nmargin-top:10px;\nmargin-bottom:10px;\n}\n.hr.av-1hylz-fc726eb782eca49d68ad9c6e220e2d4f .hr-inner{\nwidth:50px;\nborder-color:#efbb20;\n}\n<\/style>\n<div  class='hr av-1hylz-fc726eb782eca49d68ad9c6e220e2d4f hr-custom  avia-builder-el-12  el_after_av_textblock  el_before_av_textblock  hr-left hr-icon-no'><span class='hr-inner inner-border-av-border-fat'><span class=\"hr-inner-style\"><\/span><\/span><\/div><br \/>\n<section  class='av_textblock_section av-20c3v-e6d1bdcefea788490aeea5d17582ac98'  itemscope=\"itemscope\" itemtype=\"https:\/\/schema.org\/CreativeWork\" ><div class='avia_textblock'  itemprop=\"text\" ><p>Bizimle her konuda ileti\u015fime ge\u00e7ebilir, hizmetlerimiz hakk\u0131nda detayl\u0131 bilgi talep edebilirsiniz.<\/p>\n<\/div><\/section><\/p><\/div><\/p>\n<div class='flex_column av-lmye5tsy-c0ad801a9991cd7a4cc63674d62aa4fd av_one_full  avia-builder-el-14  el_after_av_one_third  avia-builder-el-last  first flex_column_div column-top-margin'   ><\/div>\n","protected":false},"excerpt":{"rendered":"","protected":false},"author":1,"featured_media":0,"parent":0,"menu_order":0,"comment_status":"closed","ping_status":"closed","template":"","meta":{"footnotes":""},"class_list":["post-23","page","type-page","status-publish","hentry"],"aioseo_notices":[],"_links":{"self":[{"href":"https:\/\/www.hedefyapimuhendislik.com.tr\/index.php\/wp-json\/wp\/v2\/pages\/23","targetHints":{"allow":["GET"]}}],"collection":[{"href":"https:\/\/www.hedefyapimuhendislik.com.tr\/index.php\/wp-json\/wp\/v2\/pages"}],"about":[{"href":"https:\/\/www.hedefyapimuhendislik.com.tr\/index.php\/wp-json\/wp\/v2\/types\/page"}],"author":[{"embeddable":true,"href":"https:\/\/www.hedefyapimuhendislik.com.tr\/index.php\/wp-json\/wp\/v2\/users\/1"}],"replies":[{"embeddable":true,"href":"https:\/\/www.hedefyapimuhendislik.com.tr\/index.php\/wp-json\/wp\/v2\/comments?post=23"}],"version-history":[{"count":41,"href":"https:\/\/www.hedefyapimuhendislik.com.tr\/index.php\/wp-json\/wp\/v2\/pages\/23\/revisions"}],"predecessor-version":[{"id":820,"href":"https:\/\/www.hedefyapimuhendislik.com.tr\/index.php\/wp-json\/wp\/v2\/pages\/23\/revisions\/820"}],"wp:attachment":[{"href":"https:\/\/www.hedefyapimuhendislik.com.tr\/index.php\/wp-json\/wp\/v2\/media?parent=23"}],"curies":[{"name":"wp","href":"https:\/\/api.w.org\/{rel}","templated":true}]}}