{"id":142,"date":"2023-09-22T15:32:34","date_gmt":"2023-09-22T12:32:34","guid":{"rendered":"http:\/\/test.kriesi.at\/construction\/?page_id=142"},"modified":"2023-09-26T13:47:16","modified_gmt":"2023-09-26T10:47:16","slug":"ic-mimari","status":"publish","type":"page","link":"https:\/\/www.hedefyapimuhendislik.com.tr\/index.php\/hizmetlerimiz\/ic-mimari\/","title":{"rendered":"\u0130\u00e7 Mimari"},"content":{"rendered":"<div   data-size='featured_large'  data-lightbox_size='large'  data-animation='fade'  data-conditional_play=''  data-ids='82,100'  data-video_counter='0'  data-autoplay='true'  data-bg_slider='false'  data-slide_height=''  data-handle='av_slideshow'  data-interval='5'  data-class=' avia-builder-el-0  el_before_av_one_full  avia-builder-el-first  '  data-el_id=''  data-css_id=''  data-scroll_down=''  data-control_layout='av-control-hidden'  data-custom_markup=''  data-perma_caption=''  data-autoplay_stopper=''  data-image_attachment=''  data-min_height='0px'  data-lazy_loading='disabled'  data-img_scrset=''  data-default-height='42'  class='avia-slideshow avia-slideshow-1  av-control-hidden av-default-height-applied avia-slideshow-featured_large av_slideshow  avia-builder-el-0  el_before_av_one_full  avia-builder-el-first   avia-fade-slider '  itemprop=\"image\" itemscope=\"itemscope\" itemtype=\"https:\/\/schema.org\/ImageObject\" ><ul class='avia-slideshow-inner ' style='padding-bottom: 42%;' ><li  class=' slide-1 ' ><div data-rel='slideshow-1' class='avia-slide-wrap '   ><img decoding=\"async\" class=\"wp-image-82 avia-img-lazy-loading-not-82\"  src=\"https:\/\/www.hedefyapimuhendislik.com.tr\/wp-content\/uploads\/2015\/10\/modern-home-1500x630.jpg\" width=\"1500\" height=\"630\" title='Modern home' alt=''  itemprop=\"thumbnailUrl\"   \/><\/div><\/li><li  class=' slide-2 ' ><div data-rel='slideshow-1' class='avia-slide-wrap '   ><img decoding=\"async\" class=\"wp-image-100 avia-img-lazy-loading-not-100\"  src=\"https:\/\/www.hedefyapimuhendislik.com.tr\/wp-content\/uploads\/2015\/10\/house-interior-1500x630.jpg\" width=\"1500\" height=\"630\" title='House interior' alt=''  itemprop=\"thumbnailUrl\"   \/><\/div><\/li><\/ul><div class='avia-slideshow-arrows avia-slideshow-controls' ><a href='#prev' class='prev-slide ' aria-hidden='true' data-av_icon='\ue87c' data-av_iconfont='entypo-fontello'  tabindex='-1'>\u00d6nceki<\/a><a href='#next' class='next-slide ' aria-hidden='true' data-av_icon='\ue87d' data-av_iconfont='entypo-fontello'  tabindex='-1'>Sonraki<\/a><\/div><div class='avia-slideshow-dots avia-slideshow-controls'><a href='#1' class='goto-slide active' >1<\/a><a href='#2' class='goto-slide ' >2<\/a><\/div><\/div>\n\n<style type=\"text\/css\" data-created_by=\"avia_inline_auto\" id=\"style-css-av-2m6l2e-1f9c1d6bf2f29eb9a73cb6280bb742df\">\n#top .flex_column.av-2m6l2e-1f9c1d6bf2f29eb9a73cb6280bb742df{\nmargin-top:0px;\nmargin-bottom:0px;\n}\n.flex_column.av-2m6l2e-1f9c1d6bf2f29eb9a73cb6280bb742df{\nborder-radius:0px 0px 0px 0px;\n-webkit-border-radius:0px 0px 0px 0px;\n-moz-border-radius:0px 0px 0px 0px;\n}\n.responsive #top #wrap_all .flex_column.av-2m6l2e-1f9c1d6bf2f29eb9a73cb6280bb742df{\nmargin-top:0px;\nmargin-bottom:0px;\n}\n<\/style>\n<div class='flex_column av-2m6l2e-1f9c1d6bf2f29eb9a73cb6280bb742df av_one_full  avia-builder-el-1  el_after_av_slideshow  el_before_av_one_half  first flex_column_div  av-animated-generic bottom-to-top av-zero-column-padding '   ><p>\n<style type=\"text\/css\" data-created_by=\"avia_inline_auto\" id=\"style-css-av-2ce4sm-2b683b34b7060b0ab1a0630f2fb67de8\">\n#top .av-special-heading.av-2ce4sm-2b683b34b7060b0ab1a0630f2fb67de8{\npadding-bottom:0px;\n}\nbody .av-special-heading.av-2ce4sm-2b683b34b7060b0ab1a0630f2fb67de8 .av-special-heading-tag .heading-char{\nfont-size:25px;\n}\n.av-special-heading.av-2ce4sm-2b683b34b7060b0ab1a0630f2fb67de8 .av-subheading{\nfont-size:15px;\n}\n<\/style>\n<div  class='av-special-heading av-2ce4sm-2b683b34b7060b0ab1a0630f2fb67de8 av-special-heading-h2 blockquote modern-quote  avia-builder-el-2  el_before_av_hr  avia-builder-el-first '><h2 class='av-special-heading-tag'  itemprop=\"headline\"  >\u0130\u00e7 Mimari<\/h2><div class=\"special-heading-border\"><div class=\"special-heading-inner-border\"><\/div><\/div><\/div><br \/>\n\n<style type=\"text\/css\" data-created_by=\"avia_inline_auto\" id=\"style-css-av-289arq-204ba3188ae47110620a5b0bb8f291fd\">\n#top .hr.av-289arq-204ba3188ae47110620a5b0bb8f291fd{\nmargin-top:10px;\nmargin-bottom:10px;\n}\n.hr.av-289arq-204ba3188ae47110620a5b0bb8f291fd .hr-inner{\nwidth:50px;\nborder-color:#efbb20;\n}\n<\/style>\n<div  class='hr av-289arq-204ba3188ae47110620a5b0bb8f291fd hr-custom  avia-builder-el-3  el_after_av_heading  avia-builder-el-last  hr-left hr-icon-no'><span class='hr-inner inner-border-av-border-fat'><span class=\"hr-inner-style\"><\/span><\/span><\/div><\/p><\/div>\n\n<style type=\"text\/css\" data-created_by=\"avia_inline_auto\" id=\"style-css-av-207rxi-1600cad30a291f25f962febc254e896e\">\n#top .flex_column.av-207rxi-1600cad30a291f25f962febc254e896e{\nmargin-top:0px;\nmargin-bottom:0px;\n}\n.flex_column.av-207rxi-1600cad30a291f25f962febc254e896e{\nborder-radius:0px 0px 0px 0px;\n-webkit-border-radius:0px 0px 0px 0px;\n-moz-border-radius:0px 0px 0px 0px;\n}\n.responsive #top #wrap_all .flex_column.av-207rxi-1600cad30a291f25f962febc254e896e{\nmargin-top:0px;\nmargin-bottom:0px;\n}\n<\/style>\n<div class='flex_column av-207rxi-1600cad30a291f25f962febc254e896e av_one_half  avia-builder-el-4  el_after_av_one_full  el_before_av_one_half  first flex_column_div  av-animated-generic bottom-to-top av-zero-column-padding column-top-margin'   ><section  class='av_textblock_section av-1uc4by-e1b23a696af4bf9f4392bf27c08cd383'  itemscope=\"itemscope\" itemtype=\"https:\/\/schema.org\/CreativeWork\" ><div class='avia_textblock'  itemprop=\"text\" ><p>\u0130\u00e7 mimari, bir yap\u0131n\u0131n i\u00e7 mekanlar\u0131n\u0131 tasarlama ve d\u00fczenleme s\u00fcrecini ifade eder. Bu, bir binan\u0131n i\u00e7 mekanlar\u0131n\u0131n estetik, i\u015flevsellik, kullan\u0131labilirlik ve kullan\u0131c\u0131 deneyimi a\u00e7\u0131s\u0131ndan optimize edilmesini i\u00e7erir. \u0130\u00e7 mimari, mobilya se\u00e7imi, renk paletleri, ayd\u0131nlatma,<\/p>\n<\/div><\/section><\/div>\n\n<style type=\"text\/css\" data-created_by=\"avia_inline_auto\" id=\"style-css-av-1ozov2-fc1d47a62e4044f5ad6cdfb55057d000\">\n#top .flex_column.av-1ozov2-fc1d47a62e4044f5ad6cdfb55057d000{\nmargin-top:0px;\nmargin-bottom:0px;\n}\n.flex_column.av-1ozov2-fc1d47a62e4044f5ad6cdfb55057d000{\nborder-radius:0px 0px 0px 0px;\n-webkit-border-radius:0px 0px 0px 0px;\n-moz-border-radius:0px 0px 0px 0px;\n}\n.responsive #top #wrap_all .flex_column.av-1ozov2-fc1d47a62e4044f5ad6cdfb55057d000{\nmargin-top:0px;\nmargin-bottom:0px;\n}\n<\/style>\n<div class='flex_column av-1ozov2-fc1d47a62e4044f5ad6cdfb55057d000 av_one_half  avia-builder-el-6  el_after_av_one_half  el_before_av_one_full  flex_column_div  av-animated-generic bottom-to-top av-zero-column-padding column-top-margin'   ><section  class='av_textblock_section av-1kl5au-2a9d1eb025062826c604b8fa159c940d'  itemscope=\"itemscope\" itemtype=\"https:\/\/schema.org\/CreativeWork\" ><div class='avia_textblock'  itemprop=\"text\" ><p>d\u00f6\u015feme, duvar kaplamalar\u0131 ve di\u011fer i\u00e7 mekan detaylar\u0131n\u0131n planlanmas\u0131 ve tasarlanmas\u0131yla ilgilidir. Ayr\u0131ca, i\u00e7 mekanlar\u0131n kullan\u0131c\u0131 ihtiya\u00e7lar\u0131na ve i\u015flevselli\u011fine uygun olarak d\u00fczenlenmesi de i\u00e7 mimarinin \u00f6nemli bir par\u00e7as\u0131d\u0131r.<\/p>\n<\/div><\/section><\/div>\n\n<style type=\"text\/css\" data-created_by=\"avia_inline_auto\" id=\"style-css-av-14ogse-dd37b6b0f2c8c7a1110c65a35aebc69f\">\n.flex_column.av-14ogse-dd37b6b0f2c8c7a1110c65a35aebc69f{\nborder-radius:0px 0px 0px 0px;\n-webkit-border-radius:0px 0px 0px 0px;\n-moz-border-radius:0px 0px 0px 0px;\n}\n<\/style>\n<div class='flex_column av-14ogse-dd37b6b0f2c8c7a1110c65a35aebc69f av_one_full  avia-builder-el-8  el_after_av_one_half  el_before_av_one_full  first flex_column_div  av-animated-generic bottom-to-top av-zero-column-padding column-top-margin'   ><p>\n<style type=\"text\/css\" data-created_by=\"avia_inline_auto\" id=\"style-css-av-39e6u-263254de1e8c92dd654eda1daa906835\">\n#top .av-special-heading.av-39e6u-263254de1e8c92dd654eda1daa906835{\npadding-bottom:0px;\n}\nbody .av-special-heading.av-39e6u-263254de1e8c92dd654eda1daa906835 .av-special-heading-tag .heading-char{\nfont-size:25px;\n}\n.av-special-heading.av-39e6u-263254de1e8c92dd654eda1daa906835 .av-subheading{\nfont-size:15px;\n}\n<\/style>\n<div  class='av-special-heading av-39e6u-263254de1e8c92dd654eda1daa906835 av-special-heading-h4 blockquote modern-quote  avia-builder-el-9  el_before_av_hr  avia-builder-el-first '><h4 class='av-special-heading-tag'  itemprop=\"headline\"  >Hedef Yap\u0131 Mimarl\u0131k \u0130\u00e7 Mimari Hizmetlerimiz<\/h4><div class=\"special-heading-border\"><div class=\"special-heading-inner-border\"><\/div><\/div><\/div><br \/>\n\n<style type=\"text\/css\" data-created_by=\"avia_inline_auto\" id=\"style-css-av-tn2gm-6aa1bceeae9205d1858d7219ffc6bc94\">\n#top .hr.av-tn2gm-6aa1bceeae9205d1858d7219ffc6bc94{\nmargin-top:10px;\nmargin-bottom:10px;\n}\n.hr.av-tn2gm-6aa1bceeae9205d1858d7219ffc6bc94 .hr-inner{\nwidth:150px;\nborder-color:#efbb20;\n}\n<\/style>\n<div  class='hr av-tn2gm-6aa1bceeae9205d1858d7219ffc6bc94 hr-custom  avia-builder-el-10  el_after_av_heading  el_before_av_textblock  hr-left hr-icon-no'><span class='hr-inner inner-border-av-border-fat'><span class=\"hr-inner-style\"><\/span><\/span><\/div><br \/>\n<section  class='av_textblock_section av-l2bhq-e8bfac813f6ceebd4d6d1029f1519596'  itemscope=\"itemscope\" itemtype=\"https:\/\/schema.org\/CreativeWork\" ><div class='avia_textblock'  itemprop=\"text\" ><p>Hedef Yap\u0131 M\u00fchendislik i\u00e7 mimari projelerini farkl\u0131 t\u00fcrde mekanlar i\u00e7in hayat ge\u00e7irir.<\/p>\n<ol>\n<li><strong>Konut \u0130\u00e7 Mekan Tasar\u0131m\u0131<\/strong>: Evlerin i\u00e7 mekanlar\u0131n\u0131n tasar\u0131m\u0131, kullan\u0131c\u0131lar\u0131n ya\u015fam tarzlar\u0131na ve tercihlerine uygun olarak yap\u0131l\u0131r. Bu projelerde oturma odalar\u0131, yatak odalar\u0131, mutfaklar, banyolar ve di\u011fer i\u00e7 mekanlar dikkate al\u0131n\u0131r.<\/li>\n<li><strong>Ticari Mekan Tasar\u0131m\u0131<\/strong>: Restoranlar, ma\u011fazalar, ofisler, oteller, kafeler ve di\u011fer ticari mekanlar\u0131n i\u00e7 mekanlar\u0131, marka kimli\u011fi, m\u00fc\u015fteri deneyimi ve i\u015flevsellik g\u00f6z \u00f6n\u00fcnde bulundurularak tasarlan\u0131r.<\/li>\n<li><strong>Kamu Mekan Tasar\u0131m\u0131<\/strong>: M\u00fczeler, k\u00fct\u00fcphaneler, hastaneler, okullar ve di\u011fer kamu binalar\u0131n i\u00e7 mekanlar\u0131, kullan\u0131c\u0131lar\u0131n rahatl\u0131\u011f\u0131, g\u00fcvenli\u011fi ve ihtiya\u00e7lar\u0131na uygun olarak planlan\u0131r.<\/li>\n<li><strong>Oteller ve Tatil K\u00f6yleri<\/strong>: Tatil k\u00f6yleri, tatilcilerin rahat etmelerini sa\u011flamak amac\u0131yla i\u00e7 mekan tasar\u0131m\u0131na \u00f6nem verir. L\u00fcks otellerin i\u00e7 mekanlar\u0131, konfor, l\u00fcks ve estetik a\u00e7\u0131dan \u00f6ne \u00e7\u0131kar.<\/li>\n<li><strong>E\u011flence Mekanlar\u0131<\/strong>: Sinemalar, tiyatrolar, konser salonlar\u0131 ve gece kul\u00fcpleri gibi e\u011flence mekanlar\u0131, ziyaret\u00e7ilere keyifli bir deneyim sunmak i\u00e7in i\u00e7 mekan tasar\u0131m\u0131na \u00f6zel dikkat g\u00f6sterir.<\/li>\n<\/ol>\n<p><strong>Hedef Yap\u0131 M\u00fchendislik<\/strong>, bu projeleri ger\u00e7ekle\u015ftirirken m\u00fc\u015fteri ihtiya\u00e7lar\u0131n\u0131, b\u00fct\u00e7eyi, g\u00fcvenli\u011fi ve estetik unsurlar\u0131 dengeler. Ayr\u0131ca, s\u00fcrd\u00fcr\u00fclebilirlik ve \u00e7evresel etkiler gibi fakt\u00f6rleri de g\u00f6z \u00f6n\u00fcnde bulundurur.<\/p>\n<\/div><\/section><\/p><\/div>\n<style type=\"text\/css\" data-created_by=\"avia_inline_auto\" id=\"style-css-av-1dejvy-8f4663b5bee9669569952ce3ce29ece8\">\n.flex_column.av-1dejvy-8f4663b5bee9669569952ce3ce29ece8{\nborder-width:1px;\nborder-style:solid;\nborder-radius:0px 0px 0px 0px;\n-webkit-border-radius:0px 0px 0px 0px;\n-moz-border-radius:0px 0px 0px 0px;\npadding:20px 20px 20px 20px;\nbackground-color:#fcfcfc;\n}\n<\/style>\n<div class='flex_column av-1dejvy-8f4663b5bee9669569952ce3ce29ece8 av_one_full  avia-builder-el-12  el_after_av_one_full  avia-builder-el-last  first flex_column_div  av-animated-generic bottom-to-top column-top-margin'   ><section  class='av_textblock_section av-170xom-554be19cdcff069df29c28a63b3d3067'  itemscope=\"itemscope\" itemtype=\"https:\/\/schema.org\/CreativeWork\" ><div class='avia_textblock'  itemprop=\"text\" ><p>\u0130\u00e7 mimari, bir\u00e7ok farkl\u0131 disiplini bir araya getirir, bu nedenle tasar\u0131m\u0131n ba\u015far\u0131l\u0131 bir \u015fekilde ger\u00e7ekle\u015ftirilmesi i\u00e7in mimarlar, i\u00e7 mekan tasar\u0131mc\u0131lar\u0131, mobilya tasar\u0131mc\u0131lar\u0131, ayd\u0131nlatma uzmanlar\u0131 ve di\u011fer profesyonellerle i\u015fbirli\u011fi yapabilirler.<\/p>\n<\/div><\/section><\/div><\/p>\n","protected":false},"excerpt":{"rendered":"","protected":false},"author":1,"featured_media":0,"parent":25,"menu_order":6,"comment_status":"closed","ping_status":"closed","template":"","meta":{"footnotes":""},"class_list":["post-142","page","type-page","status-publish","hentry"],"aioseo_notices":[],"_links":{"self":[{"href":"https:\/\/www.hedefyapimuhendislik.com.tr\/index.php\/wp-json\/wp\/v2\/pages\/142","targetHints":{"allow":["GET"]}}],"collection":[{"href":"https:\/\/www.hedefyapimuhendislik.com.tr\/index.php\/wp-json\/wp\/v2\/pages"}],"about":[{"href":"https:\/\/www.hedefyapimuhendislik.com.tr\/index.php\/wp-json\/wp\/v2\/types\/page"}],"author":[{"embeddable":true,"href":"https:\/\/www.hedefyapimuhendislik.com.tr\/index.php\/wp-json\/wp\/v2\/users\/1"}],"replies":[{"embeddable":true,"href":"https:\/\/www.hedefyapimuhendislik.com.tr\/index.php\/wp-json\/wp\/v2\/comments?post=142"}],"version-history":[{"count":9,"href":"https:\/\/www.hedefyapimuhendislik.com.tr\/index.php\/wp-json\/wp\/v2\/pages\/142\/revisions"}],"predecessor-version":[{"id":631,"href":"https:\/\/www.hedefyapimuhendislik.com.tr\/index.php\/wp-json\/wp\/v2\/pages\/142\/revisions\/631"}],"up":[{"embeddable":true,"href":"https:\/\/www.hedefyapimuhendislik.com.tr\/index.php\/wp-json\/wp\/v2\/pages\/25"}],"wp:attachment":[{"href":"https:\/\/www.hedefyapimuhendislik.com.tr\/index.php\/wp-json\/wp\/v2\/media?parent=142"}],"curies":[{"name":"wp","href":"https:\/\/api.w.org\/{rel}","templated":true}]}}