{"id":138,"date":"2023-09-22T15:31:54","date_gmt":"2023-09-22T12:31:54","guid":{"rendered":"http:\/\/test.kriesi.at\/construction\/?page_id=138"},"modified":"2023-09-25T14:16:51","modified_gmt":"2023-09-25T11:16:51","slug":"ev-yenileme-tadilat","status":"publish","type":"page","link":"https:\/\/www.hedefyapimuhendislik.com.tr\/index.php\/hizmetlerimiz\/ev-yenileme-tadilat\/","title":{"rendered":"Ev Yenileme"},"content":{"rendered":"<div   data-size='featured_large'  data-lightbox_size='large'  data-animation='fade'  data-conditional_play=''  data-ids='609,81'  data-video_counter='0'  data-autoplay='true'  data-bg_slider='false'  data-slide_height=''  data-handle='av_slideshow'  data-interval='5'  data-class=' avia-builder-el-0  el_before_av_one_full  avia-builder-el-first  '  data-el_id=''  data-css_id=''  data-scroll_down=''  data-control_layout='av-control-hidden'  data-custom_markup=''  data-perma_caption=''  data-autoplay_stopper=''  data-image_attachment=''  data-min_height='0px'  data-lazy_loading='disabled'  data-img_scrset=''  data-default-height='42'  class='avia-slideshow avia-slideshow-1  av-control-hidden av-default-height-applied avia-slideshow-featured_large av_slideshow  avia-builder-el-0  el_before_av_one_full  avia-builder-el-first   avia-fade-slider '  itemprop=\"image\" itemscope=\"itemscope\" itemtype=\"https:\/\/schema.org\/ImageObject\" ><ul class='avia-slideshow-inner ' style='padding-bottom: 42%;' ><li  class=' slide-1 ' ><div data-rel='slideshow-1' class='avia-slide-wrap '   ><img decoding=\"async\" class=\"wp-image-609 avia-img-lazy-loading-not-609\"  src=\"https:\/\/www.hedefyapimuhendislik.com.tr\/wp-content\/uploads\/2023\/09\/hedefyapi-Ev-Yenileme-Restorasyon-1500x630-1.jpg\" width=\"1500\" height=\"630\" title='hedefyapi-Ev-Yenileme-Restorasyon-1500x630' alt=''  itemprop=\"thumbnailUrl\" srcset=\"https:\/\/www.hedefyapimuhendislik.com.tr\/wp-content\/uploads\/2023\/09\/hedefyapi-Ev-Yenileme-Restorasyon-1500x630-1.jpg 1500w, https:\/\/www.hedefyapimuhendislik.com.tr\/wp-content\/uploads\/2023\/09\/hedefyapi-Ev-Yenileme-Restorasyon-1500x630-1-300x126.jpg 300w, https:\/\/www.hedefyapimuhendislik.com.tr\/wp-content\/uploads\/2023\/09\/hedefyapi-Ev-Yenileme-Restorasyon-1500x630-1-1030x433.jpg 1030w, https:\/\/www.hedefyapimuhendislik.com.tr\/wp-content\/uploads\/2023\/09\/hedefyapi-Ev-Yenileme-Restorasyon-1500x630-1-768x323.jpg 768w, https:\/\/www.hedefyapimuhendislik.com.tr\/wp-content\/uploads\/2023\/09\/hedefyapi-Ev-Yenileme-Restorasyon-1500x630-1-705x296.jpg 705w\" sizes=\"(max-width: 1500px) 100vw, 1500px\" \/><\/div><\/li><li  class=' slide-2 ' ><div data-rel='slideshow-1' class='avia-slide-wrap '   ><img decoding=\"async\" class=\"wp-image-81 avia-img-lazy-loading-not-81\"  src=\"https:\/\/www.hedefyapimuhendislik.com.tr\/wp-content\/uploads\/2015\/10\/cropped-hand-of-a-carpenter-1500x630.jpg\" width=\"1500\" height=\"630\" title='Cropped hand of a carpenter' alt=''  itemprop=\"thumbnailUrl\"   \/><\/div><\/li><\/ul><div class='avia-slideshow-arrows avia-slideshow-controls' ><a href='#prev' class='prev-slide ' aria-hidden='true' data-av_icon='\ue87c' data-av_iconfont='entypo-fontello'  tabindex='-1'>\u00d6nceki<\/a><a href='#next' class='next-slide ' aria-hidden='true' data-av_icon='\ue87d' data-av_iconfont='entypo-fontello'  tabindex='-1'>Sonraki<\/a><\/div><div class='avia-slideshow-dots avia-slideshow-controls'><a href='#1' class='goto-slide active' >1<\/a><a href='#2' class='goto-slide ' >2<\/a><\/div><\/div>\n\n<style type=\"text\/css\" data-created_by=\"avia_inline_auto\" id=\"style-css-av-3cgw6y-acdadd86ef9c8e6751a1e916ffef135e\">\n#top .flex_column.av-3cgw6y-acdadd86ef9c8e6751a1e916ffef135e{\nmargin-top:0px;\nmargin-bottom:0px;\n}\n.flex_column.av-3cgw6y-acdadd86ef9c8e6751a1e916ffef135e{\nborder-radius:0px 0px 0px 0px;\n-webkit-border-radius:0px 0px 0px 0px;\n-moz-border-radius:0px 0px 0px 0px;\n}\n.responsive #top #wrap_all .flex_column.av-3cgw6y-acdadd86ef9c8e6751a1e916ffef135e{\nmargin-top:0px;\nmargin-bottom:0px;\n}\n<\/style>\n<div class='flex_column av-3cgw6y-acdadd86ef9c8e6751a1e916ffef135e av_one_full  avia-builder-el-1  el_after_av_slideshow  el_before_av_one_half  first flex_column_div  av-animated-generic bottom-to-top av-zero-column-padding '   ><p>\n<style type=\"text\/css\" data-created_by=\"avia_inline_auto\" id=\"style-css-av-36lu76-27ccaa3aaa0b177f72415842437fc953\">\n#top .av-special-heading.av-36lu76-27ccaa3aaa0b177f72415842437fc953{\npadding-bottom:0px;\n}\nbody .av-special-heading.av-36lu76-27ccaa3aaa0b177f72415842437fc953 .av-special-heading-tag .heading-char{\nfont-size:25px;\n}\n.av-special-heading.av-36lu76-27ccaa3aaa0b177f72415842437fc953 .av-subheading{\nfont-size:15px;\n}\n<\/style>\n<div  class='av-special-heading av-36lu76-27ccaa3aaa0b177f72415842437fc953 av-special-heading-h2 blockquote modern-quote  avia-builder-el-2  el_before_av_hr  avia-builder-el-first '><h2 class='av-special-heading-tag'  itemprop=\"headline\"  >Ev Yenileme <span class='special_amp'>&amp;<\/span> Restorasyon<\/h2><div class=\"special-heading-border\"><div class=\"special-heading-inner-border\"><\/div><\/div><\/div><br \/>\n\n<style type=\"text\/css\" data-created_by=\"avia_inline_auto\" id=\"style-css-av-31v4d6-090aa36a2ef56d375f6e1d649cfd227d\">\n#top .hr.av-31v4d6-090aa36a2ef56d375f6e1d649cfd227d{\nmargin-top:10px;\nmargin-bottom:10px;\n}\n.hr.av-31v4d6-090aa36a2ef56d375f6e1d649cfd227d .hr-inner{\nwidth:50px;\nborder-color:#efbb20;\n}\n<\/style>\n<div  class='hr av-31v4d6-090aa36a2ef56d375f6e1d649cfd227d hr-custom  avia-builder-el-3  el_after_av_heading  avia-builder-el-last  hr-left hr-icon-no'><span class='hr-inner inner-border-av-border-fat'><span class=\"hr-inner-style\"><\/span><\/span><\/div><\/p><\/div>\n\n<style type=\"text\/css\" data-created_by=\"avia_inline_auto\" id=\"style-css-av-1efbyi-f1b0422b6b42d6f166b7e1aef135fbe2\">\n.flex_column.av-1efbyi-f1b0422b6b42d6f166b7e1aef135fbe2{\nborder-radius:0px 0px 0px 0px;\n-webkit-border-radius:0px 0px 0px 0px;\n-moz-border-radius:0px 0px 0px 0px;\n}\n<\/style>\n<div class='flex_column av-1efbyi-f1b0422b6b42d6f166b7e1aef135fbe2 av_one_half  avia-builder-el-4  el_after_av_one_full  el_before_av_one_half  first flex_column_div  av-animated-generic bottom-to-top av-zero-column-padding column-top-margin'   ><p>\n<style type=\"text\/css\" data-created_by=\"avia_inline_auto\" id=\"style-css-av-1a9zey-30ed002da097f13c9a47891c665f4885\">\n#top .av-special-heading.av-1a9zey-30ed002da097f13c9a47891c665f4885{\npadding-bottom:0px;\n}\nbody .av-special-heading.av-1a9zey-30ed002da097f13c9a47891c665f4885 .av-special-heading-tag .heading-char{\nfont-size:25px;\n}\n.av-special-heading.av-1a9zey-30ed002da097f13c9a47891c665f4885 .av-subheading{\nfont-size:15px;\n}\n<\/style>\n<div  class='av-special-heading av-1a9zey-30ed002da097f13c9a47891c665f4885 av-special-heading-h4 blockquote modern-quote  avia-builder-el-5  el_before_av_hr  avia-builder-el-first '><h4 class='av-special-heading-tag'  itemprop=\"headline\"  > Ev Yenileme<\/h4><div class=\"special-heading-border\"><div class=\"special-heading-inner-border\"><\/div><\/div><\/div><br \/>\n\n<style type=\"text\/css\" data-created_by=\"avia_inline_auto\" id=\"style-css-av-15bw5e-9ec496899707bf3ca3388f838ed20c9e\">\n#top .hr.av-15bw5e-9ec496899707bf3ca3388f838ed20c9e{\nmargin-top:10px;\nmargin-bottom:10px;\n}\n.hr.av-15bw5e-9ec496899707bf3ca3388f838ed20c9e .hr-inner{\nwidth:50px;\nborder-color:#efbb20;\n}\n<\/style>\n<div  class='hr av-15bw5e-9ec496899707bf3ca3388f838ed20c9e hr-custom  avia-builder-el-6  el_after_av_heading  el_before_av_textblock  hr-left hr-icon-no'><span class='hr-inner inner-border-av-border-fat'><span class=\"hr-inner-style\"><\/span><\/span><\/div><br \/>\n<section  class='av_textblock_section av-veym2-5e7172ff0dcea8350028876267238926'  itemscope=\"itemscope\" itemtype=\"https:\/\/schema.org\/CreativeWork\" ><div class='avia_textblock'  itemprop=\"text\" ><p>Ev yenileme ve restorasyon, mevcut bir evin fiziksel yap\u0131s\u0131n\u0131, g\u00f6r\u00fcn\u00fcm\u00fcn\u00fc veya i\u015flevselli\u011fini iyile\u015ftirmeyi ama\u00e7layan bir dizi in\u015faat ve tasar\u0131m i\u015flemini i\u00e7eren bir s\u00fcre\u00e7tir. Bu s\u00fcre\u00e7, mevcut bir evi modernize etmek, hasar g\u00f6rm\u00fc\u015f bir evi onarmak veya tarihi bir evi korumak i\u00e7in kullan\u0131labilir.<\/p>\n<\/div><\/section><\/p><\/div>\n<style type=\"text\/css\" data-created_by=\"avia_inline_auto\" id=\"style-css-av-sgac2-b06c9474c21422490b4dd56ae276a6c5\">\n.flex_column.av-sgac2-b06c9474c21422490b4dd56ae276a6c5{\nborder-radius:0px 0px 0px 0px;\n-webkit-border-radius:0px 0px 0px 0px;\n-moz-border-radius:0px 0px 0px 0px;\n}\n<\/style>\n<div class='flex_column av-sgac2-b06c9474c21422490b4dd56ae276a6c5 av_one_half  avia-builder-el-8  el_after_av_one_half  el_before_av_one_half  flex_column_div  av-animated-generic bottom-to-top av-zero-column-padding column-top-margin'   ><style type=\"text\/css\" data-created_by=\"avia_inline_auto\" id=\"style-css-av-mhxii-beca0bffeadd01dab90457615ead13ef\">\n.avia-image-container.av-mhxii-beca0bffeadd01dab90457615ead13ef .av-image-caption-overlay-center{\ncolor:#ffffff;\n}\n<\/style>\n<div  class='avia-image-container av-mhxii-beca0bffeadd01dab90457615ead13ef av-styling-no-styling avia-align-center  avia-builder-el-9  avia-builder-el-no-sibling '  itemprop=\"image\" itemscope=\"itemscope\" itemtype=\"https:\/\/schema.org\/ImageObject\" ><div class=\"avia-image-container-inner\"><div class=\"avia-image-overlay-wrap\"><img decoding=\"async\" class='wp-image-104 avia-img-lazy-loading-not-104 avia_image' src=\"https:\/\/www.hedefyapimuhendislik.com.tr\/wp-content\/uploads\/2015\/10\/house-mansion-845x684.jpg\" alt='' title='Mansion'  height=\"684\" width=\"845\"  itemprop=\"thumbnailUrl\" srcset=\"https:\/\/www.hedefyapimuhendislik.com.tr\/wp-content\/uploads\/2015\/10\/house-mansion-845x684.jpg 845w, https:\/\/www.hedefyapimuhendislik.com.tr\/wp-content\/uploads\/2015\/10\/house-mansion-495x400.jpg 495w\" sizes=\"(max-width: 845px) 100vw, 845px\" \/><\/div><\/div><\/div><\/div>\n<style type=\"text\/css\" data-created_by=\"avia_inline_auto\" id=\"style-css-av-2jqphe-c443b879c8f96549f89429d231c4d8bf\">\n.flex_column.av-2jqphe-c443b879c8f96549f89429d231c4d8bf{\nborder-radius:0px 0px 0px 0px;\n-webkit-border-radius:0px 0px 0px 0px;\n-moz-border-radius:0px 0px 0px 0px;\n}\n<\/style>\n<div class='flex_column av-2jqphe-c443b879c8f96549f89429d231c4d8bf av_one_half  avia-builder-el-10  el_after_av_one_half  el_before_av_one_half  first flex_column_div  av-animated-generic bottom-to-top av-zero-column-padding column-top-margin'   ><p>\n<style type=\"text\/css\" data-created_by=\"avia_inline_auto\" id=\"style-css-av-lmysktlf-a42153d3b2c69c8f7d649f1d03acfe34\">\n#top .av-special-heading.av-lmysktlf-a42153d3b2c69c8f7d649f1d03acfe34{\npadding-bottom:0px;\n}\nbody .av-special-heading.av-lmysktlf-a42153d3b2c69c8f7d649f1d03acfe34 .av-special-heading-tag .heading-char{\nfont-size:25px;\n}\n.av-special-heading.av-lmysktlf-a42153d3b2c69c8f7d649f1d03acfe34 .av-subheading{\nfont-size:15px;\n}\n<\/style>\n<div  class='av-special-heading av-lmysktlf-a42153d3b2c69c8f7d649f1d03acfe34 av-special-heading-h4 blockquote modern-quote  avia-builder-el-11  el_before_av_hr  avia-builder-el-first '><h4 class='av-special-heading-tag'  itemprop=\"headline\"  >Restorasyon<\/h4><div class=\"special-heading-border\"><div class=\"special-heading-inner-border\"><\/div><\/div><\/div><br \/>\n\n<style type=\"text\/css\" data-created_by=\"avia_inline_auto\" id=\"style-css-av-av_hr-465fe7c600bd47460306f45ef2cbad25\">\n#top .hr.av-av_hr-465fe7c600bd47460306f45ef2cbad25{\nmargin-top:10px;\nmargin-bottom:10px;\n}\n.hr.av-av_hr-465fe7c600bd47460306f45ef2cbad25 .hr-inner{\nwidth:50px;\nborder-color:#efbb20;\n}\n<\/style>\n<div  class='hr av-av_hr-465fe7c600bd47460306f45ef2cbad25 hr-custom  avia-builder-el-12  el_after_av_heading  el_before_av_textblock  hr-left hr-icon-no'><span class='hr-inner inner-border-av-border-fat'><span class=\"hr-inner-style\"><\/span><\/span><\/div><br \/>\n<section  class='av_textblock_section av-2h75yi-2edd30f64ad0b542439a5f06533cb4be'  itemscope=\"itemscope\" itemtype=\"https:\/\/schema.org\/CreativeWork\" ><div class='avia_textblock'  itemprop=\"text\" ><p>Ev yenileme ve restorasyon projeleri, mevcut bir evin potansiyelini en \u00fcst d\u00fczeye \u00e7\u0131karmak ve ya\u015fam kalitesini art\u0131rmak i\u00e7in m\u00fckemmel bir f\u0131rsat sunar. Ancak bu t\u00fcr projeler karma\u015f\u0131k olabilir ve uzmanl\u0131k gerektirebilir, bu nedenle profesyonel yard\u0131m ve planlama \u00f6nemlidir.<\/p>\n<\/div><\/section><\/p><\/div>\n<style type=\"text\/css\" data-created_by=\"avia_inline_auto\" id=\"style-css-av-av_one_half-334f9af36cea173305c45a30c585176c\">\n.flex_column.av-av_one_half-334f9af36cea173305c45a30c585176c{\nborder-radius:0px 0px 0px 0px;\n-webkit-border-radius:0px 0px 0px 0px;\n-moz-border-radius:0px 0px 0px 0px;\n}\n<\/style>\n<div class='flex_column av-av_one_half-334f9af36cea173305c45a30c585176c av_one_half  avia-builder-el-14  el_after_av_one_half  avia-builder-el-last  flex_column_div  av-animated-generic bottom-to-top av-zero-column-padding column-top-margin'   ><style type=\"text\/css\" data-created_by=\"avia_inline_auto\" id=\"style-css-av-lmys8mkv-d7a3162d2edd78c0690d0d77e124b2b3\">\n.avia-image-container.av-lmys8mkv-d7a3162d2edd78c0690d0d77e124b2b3 .av-image-caption-overlay-center{\ncolor:#ffffff;\n}\n<\/style>\n<div  class='avia-image-container av-lmys8mkv-d7a3162d2edd78c0690d0d77e124b2b3 av-styling-no-styling avia-align-center  avia-builder-el-15  avia-builder-el-no-sibling '  itemprop=\"image\" itemscope=\"itemscope\" itemtype=\"https:\/\/schema.org\/ImageObject\" ><div class=\"avia-image-container-inner\"><div class=\"avia-image-overlay-wrap\"><img decoding=\"async\" class='wp-image-603 avia-img-lazy-loading-not-603 avia_image' src=\"https:\/\/www.hedefyapimuhendislik.com.tr\/wp-content\/uploads\/2023\/09\/hedefyapi-Ev-Yenileme-Restorasyon-845x630.jpg\" alt='' title='hedefyapi-Ev-Yenileme-Restorasyon'  height=\"630\" width=\"845\"  itemprop=\"thumbnailUrl\"  \/><\/div><\/div><\/div><\/div><\/p>\n","protected":false},"excerpt":{"rendered":"","protected":false},"author":1,"featured_media":0,"parent":25,"menu_order":3,"comment_status":"closed","ping_status":"closed","template":"","meta":{"footnotes":""},"class_list":["post-138","page","type-page","status-publish","hentry"],"aioseo_notices":[],"_links":{"self":[{"href":"https:\/\/www.hedefyapimuhendislik.com.tr\/index.php\/wp-json\/wp\/v2\/pages\/138","targetHints":{"allow":["GET"]}}],"collection":[{"href":"https:\/\/www.hedefyapimuhendislik.com.tr\/index.php\/wp-json\/wp\/v2\/pages"}],"about":[{"href":"https:\/\/www.hedefyapimuhendislik.com.tr\/index.php\/wp-json\/wp\/v2\/types\/page"}],"author":[{"embeddable":true,"href":"https:\/\/www.hedefyapimuhendislik.com.tr\/index.php\/wp-json\/wp\/v2\/users\/1"}],"replies":[{"embeddable":true,"href":"https:\/\/www.hedefyapimuhendislik.com.tr\/index.php\/wp-json\/wp\/v2\/comments?post=138"}],"version-history":[{"count":8,"href":"https:\/\/www.hedefyapimuhendislik.com.tr\/index.php\/wp-json\/wp\/v2\/pages\/138\/revisions"}],"predecessor-version":[{"id":613,"href":"https:\/\/www.hedefyapimuhendislik.com.tr\/index.php\/wp-json\/wp\/v2\/pages\/138\/revisions\/613"}],"up":[{"embeddable":true,"href":"https:\/\/www.hedefyapimuhendislik.com.tr\/index.php\/wp-json\/wp\/v2\/pages\/25"}],"wp:attachment":[{"href":"https:\/\/www.hedefyapimuhendislik.com.tr\/index.php\/wp-json\/wp\/v2\/media?parent=138"}],"curies":[{"name":"wp","href":"https:\/\/api.w.org\/{rel}","templated":true}]}}