{"id":135,"date":"2023-09-22T15:31:25","date_gmt":"2023-09-22T12:31:25","guid":{"rendered":"http:\/\/test.kriesi.at\/construction\/?page_id=135"},"modified":"2023-09-25T14:09:28","modified_gmt":"2023-09-25T11:09:28","slug":"insaat","status":"publish","type":"page","link":"https:\/\/www.hedefyapimuhendislik.com.tr\/index.php\/hizmetlerimiz\/insaat\/","title":{"rendered":"Temel \u0130n\u015faat"},"content":{"rendered":"<div   data-size='featured_large'  data-lightbox_size='large'  data-animation='fade'  data-conditional_play=''  data-ids='606,586,80'  data-video_counter='0'  data-autoplay='true'  data-bg_slider='false'  data-slide_height=''  data-handle='av_slideshow'  data-interval='5'  data-class=' avia-builder-el-0  el_before_av_one_full  avia-builder-el-first  '  data-el_id=''  data-css_id=''  data-scroll_down=''  data-control_layout='av-control-hidden'  data-custom_markup=''  data-perma_caption=''  data-autoplay_stopper=''  data-image_attachment=''  data-min_height='0px'  data-lazy_loading='disabled'  data-img_scrset=''  data-default-height='42'  class='avia-slideshow avia-slideshow-1  av-control-hidden av-default-height-applied avia-slideshow-featured_large av_slideshow  avia-builder-el-0  el_before_av_one_full  avia-builder-el-first   avia-fade-slider '  itemprop=\"image\" itemscope=\"itemscope\" itemtype=\"https:\/\/schema.org\/ImageObject\" ><ul class='avia-slideshow-inner ' style='padding-bottom: 42%;' ><li  class=' slide-1 ' ><div data-rel='slideshow-1' class='avia-slide-wrap '   ><img decoding=\"async\" class=\"wp-image-606 avia-img-lazy-loading-not-606\"  src=\"https:\/\/www.hedefyapimuhendislik.com.tr\/wp-content\/uploads\/2023\/09\/hedefyapi-insaat-2-1500x630-1.jpg\" width=\"1500\" height=\"630\" title='hedefyapi-insaat-2-1500x630' alt=''  itemprop=\"thumbnailUrl\" srcset=\"https:\/\/www.hedefyapimuhendislik.com.tr\/wp-content\/uploads\/2023\/09\/hedefyapi-insaat-2-1500x630-1.jpg 1500w, https:\/\/www.hedefyapimuhendislik.com.tr\/wp-content\/uploads\/2023\/09\/hedefyapi-insaat-2-1500x630-1-300x126.jpg 300w, https:\/\/www.hedefyapimuhendislik.com.tr\/wp-content\/uploads\/2023\/09\/hedefyapi-insaat-2-1500x630-1-1030x433.jpg 1030w, https:\/\/www.hedefyapimuhendislik.com.tr\/wp-content\/uploads\/2023\/09\/hedefyapi-insaat-2-1500x630-1-768x323.jpg 768w, https:\/\/www.hedefyapimuhendislik.com.tr\/wp-content\/uploads\/2023\/09\/hedefyapi-insaat-2-1500x630-1-705x296.jpg 705w\" sizes=\"(max-width: 1500px) 100vw, 1500px\" \/><\/div><\/li><li  class=' slide-2 ' ><div data-rel='slideshow-1' class='avia-slide-wrap '   ><img decoding=\"async\" class=\"wp-image-586 avia-img-lazy-loading-not-586\"  src=\"https:\/\/www.hedefyapimuhendislik.com.tr\/wp-content\/uploads\/2023\/09\/hedefyapi-insaat-1-1500x630-1.jpg\" width=\"1500\" height=\"630\" title='hedefyapi-insaat-1-1500x630' alt=''  itemprop=\"thumbnailUrl\" srcset=\"https:\/\/www.hedefyapimuhendislik.com.tr\/wp-content\/uploads\/2023\/09\/hedefyapi-insaat-1-1500x630-1.jpg 1500w, https:\/\/www.hedefyapimuhendislik.com.tr\/wp-content\/uploads\/2023\/09\/hedefyapi-insaat-1-1500x630-1-300x126.jpg 300w, https:\/\/www.hedefyapimuhendislik.com.tr\/wp-content\/uploads\/2023\/09\/hedefyapi-insaat-1-1500x630-1-1030x433.jpg 1030w, https:\/\/www.hedefyapimuhendislik.com.tr\/wp-content\/uploads\/2023\/09\/hedefyapi-insaat-1-1500x630-1-768x323.jpg 768w, https:\/\/www.hedefyapimuhendislik.com.tr\/wp-content\/uploads\/2023\/09\/hedefyapi-insaat-1-1500x630-1-705x296.jpg 705w\" sizes=\"(max-width: 1500px) 100vw, 1500px\" \/><\/div><\/li><li  class=' slide-3 ' ><div data-rel='slideshow-1' class='avia-slide-wrap '   ><img decoding=\"async\" class=\"wp-image-80 avia-img-lazy-loading-not-80\"  src=\"https:\/\/www.hedefyapimuhendislik.com.tr\/wp-content\/uploads\/2015\/10\/construction-site-machines-1500x630.jpg\" width=\"1500\" height=\"630\" title='Construction site machines' alt=''  itemprop=\"thumbnailUrl\"   \/><\/div><\/li><\/ul><div class='avia-slideshow-arrows avia-slideshow-controls' ><a href='#prev' class='prev-slide ' aria-hidden='true' data-av_icon='\ue87c' data-av_iconfont='entypo-fontello'  tabindex='-1'>\u00d6nceki<\/a><a href='#next' class='next-slide ' aria-hidden='true' data-av_icon='\ue87d' data-av_iconfont='entypo-fontello'  tabindex='-1'>Sonraki<\/a><\/div><div class='avia-slideshow-dots avia-slideshow-controls'><a href='#1' class='goto-slide active' >1<\/a><a href='#2' class='goto-slide ' >2<\/a><a href='#3' class='goto-slide ' >3<\/a><\/div><\/div>\n\n<style type=\"text\/css\" data-created_by=\"avia_inline_auto\" id=\"style-css-av-3cpw9j-4cdc926d6332058dc167e0b0c9801d61\">\n#top .flex_column.av-3cpw9j-4cdc926d6332058dc167e0b0c9801d61{\nmargin-top:0px;\nmargin-bottom:0px;\n}\n.flex_column.av-3cpw9j-4cdc926d6332058dc167e0b0c9801d61{\nborder-radius:0px 0px 0px 0px;\n-webkit-border-radius:0px 0px 0px 0px;\n-moz-border-radius:0px 0px 0px 0px;\n}\n.responsive #top #wrap_all .flex_column.av-3cpw9j-4cdc926d6332058dc167e0b0c9801d61{\nmargin-top:0px;\nmargin-bottom:0px;\n}\n<\/style>\n<div class='flex_column av-3cpw9j-4cdc926d6332058dc167e0b0c9801d61 av_one_full  avia-builder-el-1  el_after_av_slideshow  el_before_av_textblock  first flex_column_div  av-animated-generic bottom-to-top av-zero-column-padding '   ><p>\n<style type=\"text\/css\" data-created_by=\"avia_inline_auto\" id=\"style-css-av-369gzb-8b20a0024fd7c0870f85881237fa5b88\">\n#top .av-special-heading.av-369gzb-8b20a0024fd7c0870f85881237fa5b88{\npadding-bottom:0px;\n}\nbody .av-special-heading.av-369gzb-8b20a0024fd7c0870f85881237fa5b88 .av-special-heading-tag .heading-char{\nfont-size:25px;\n}\n.av-special-heading.av-369gzb-8b20a0024fd7c0870f85881237fa5b88 .av-subheading{\nfont-size:15px;\n}\n<\/style>\n<div  class='av-special-heading av-369gzb-8b20a0024fd7c0870f85881237fa5b88 av-special-heading-h2 blockquote modern-quote  avia-builder-el-2  el_before_av_hr  avia-builder-el-first '><h2 class='av-special-heading-tag'  itemprop=\"headline\"  >Temel \u0130n\u015faat<\/h2><div class=\"special-heading-border\"><div class=\"special-heading-inner-border\"><\/div><\/div><\/div><br \/>\n\n<style type=\"text\/css\" data-created_by=\"avia_inline_auto\" id=\"style-css-av-b0exr-a386242e75038b447a1929f345b8d3b3\">\n#top .hr.av-b0exr-a386242e75038b447a1929f345b8d3b3{\nmargin-top:10px;\nmargin-bottom:10px;\n}\n.hr.av-b0exr-a386242e75038b447a1929f345b8d3b3 .hr-inner{\nwidth:50px;\nborder-color:#efbb20;\n}\n<\/style>\n<div  class='hr av-b0exr-a386242e75038b447a1929f345b8d3b3 hr-custom  avia-builder-el-3  el_after_av_heading  avia-builder-el-last  hr-left hr-icon-no'><span class='hr-inner inner-border-av-border-fat'><span class=\"hr-inner-style\"><\/span><\/span><\/div><\/p><\/div><section  class='av_textblock_section av-2s5uaf-9d56e17935bc6c3fb33e73a56550184c'  itemscope=\"itemscope\" itemtype=\"https:\/\/schema.org\/CreativeWork\" ><div class='avia_textblock'  itemprop=\"text\" ><p>Kaba in\u015faat yani temel in\u015faat, bir yap\u0131n\u0131n temelini ve ana ta\u015f\u0131y\u0131c\u0131 yap\u0131 elemanlar\u0131n\u0131 olu\u015fturan in\u015faat a\u015famas\u0131n\u0131n birinci a\u015famas\u0131n\u0131 temsil eder. Kabaa in\u015faat a\u015famas\u0131, in\u015faat s\u00fcrecinin temelini olu\u015fturur ve daha sonraki a\u015famalara dayanak te\u015fkil eder.<\/p>\n<p>\u0130n\u015faat\u0131n ana \u00f6zellikleri:<\/p>\n<ol>\n<li><strong>Zemin D\u00fczenlemesi<\/strong>: Temel in\u015faat\u0131ndan \u00f6nce, zemin \u00fczerinde uygun bir d\u00fczenleme yap\u0131lmas\u0131 gerekebilir. Zeminin d\u00fczg\u00fcn bir \u015fekilde haz\u0131rlanmas\u0131, yap\u0131n\u0131n stabilitesini ve dayan\u0131kl\u0131l\u0131\u011f\u0131n\u0131 sa\u011flar.<\/li>\n<li><strong>Temel \u0130n\u015faat\u0131<\/strong>: Kabaa in\u015faat\u0131n ba\u015flang\u0131c\u0131nda, yap\u0131n\u0131n temelini olu\u015fturmak \u00fczere zemin kaz\u0131l\u0131r ve temel yap\u0131 elemanlar\u0131 yerle\u015ftirilir. Temel, yap\u0131n\u0131n a\u011f\u0131rl\u0131\u011f\u0131n\u0131 destekler ve toprak alt\u0131na yerle\u015ftirilir.<\/li>\n<li><strong>Temel T\u00fcrleri<\/strong>: Temel, proje gereksinimlerine ve yap\u0131n\u0131n t\u00fcr\u00fcne ba\u011fl\u0131 olarak farkl\u0131 bi\u00e7imlerde olabilir. En yayg\u0131n temel tipleri \u015funlard\u0131r:\n<ul>\n<li><strong>Kaz\u0131kl\u0131 Temel<\/strong>: Kaz\u0131klar, toprak alt\u0131na \u00e7ak\u0131lan uzun ve sert s\u00fctunlard\u0131r ve b\u00fcy\u00fck binalar\u0131n ta\u015f\u0131y\u0131c\u0131lar\u0131n\u0131 desteklemek i\u00e7in kullan\u0131l\u0131r.<\/li>\n<li><strong>\u015eerit Temel<\/strong>: Temel duvarlar\u0131n alt\u0131na uzanan beton \u015feritlerdir ve binalar\u0131n a\u011f\u0131rl\u0131\u011f\u0131n\u0131 ta\u015f\u0131mak i\u00e7in kullan\u0131l\u0131r.<\/li>\n<li><strong>Plaka Temel<\/strong>: Genellikle hafif yap\u0131lar i\u00e7in kullan\u0131lan d\u00fcz bir beton plakad\u0131r.<\/li>\n<\/ul>\n<\/li>\n<li><strong>Duvar ve S\u00fctun \u0130n\u015faat\u0131<\/strong>: Temel tamamland\u0131ktan sonra, duvarlar ve s\u00fctunlar in\u015fa edilir. Bu elemanlar, yap\u0131n\u0131n y\u00fck ta\u015f\u0131y\u0131c\u0131lar\u0131d\u0131r ve genellikle betonarme veya \u00e7elik kullan\u0131larak yap\u0131l\u0131rlar.<\/li>\n<li><strong>D\u00f6\u015feme \u0130n\u015faat\u0131<\/strong>: Duvarlar ve s\u00fctunlar in\u015fa edildikten sonra, d\u00f6\u015feme veya zeminler olu\u015fturulur. D\u00f6\u015femeler, binalar\u0131n katlar\u0131n\u0131 ve zeminleri ay\u0131r\u0131r.<\/li>\n<li><strong>\u00c7at\u0131 \u0130n\u015faat\u0131<\/strong>: Kaba in\u015faat\u0131n sonunda, \u00e7at\u0131 in\u015faat\u0131 ger\u00e7ekle\u015fir. \u00c7at\u0131, yap\u0131n\u0131n \u00fcst\u00fcn\u00fc kapat\u0131r ve i\u00e7 mekan\u0131 d\u0131\u015f etkenlerden korur.<\/li>\n<li><strong>Yal\u0131t\u0131m ve Su \u0130zolasyonu<\/strong>: Kabaa in\u015faat a\u015famas\u0131nda, su yal\u0131t\u0131m\u0131 ve yal\u0131t\u0131m i\u015flemleri de \u00f6nemlidir. Su s\u0131z\u0131nt\u0131lar\u0131na kar\u015f\u0131 \u00f6nlem al\u0131nmas\u0131 ve s\u0131cakl\u0131k kontrol\u00fc yap\u0131lmas\u0131, binan\u0131n uzun vadeli dayan\u0131kl\u0131l\u0131\u011f\u0131n\u0131 art\u0131r\u0131r.<\/li>\n<\/ol>\n<\/div><\/section><\/p>\n\n<style type=\"text\/css\" data-created_by=\"avia_inline_auto\" id=\"style-css-av-cyz27-e352414f6035bcc82db95930b86b19ba\">\n.flex_column.av-cyz27-e352414f6035bcc82db95930b86b19ba{\nborder-width:1px;\nborder-color:#e1e1e1;\nborder-style:solid;\nborder-radius:0px 0px 0px 0px;\n-webkit-border-radius:0px 0px 0px 0px;\n-moz-border-radius:0px 0px 0px 0px;\npadding:20px 20px 20px 20px;\nbackground-color:#fcfcfc;\n}\n<\/style>\n<div class='flex_column av-cyz27-e352414f6035bcc82db95930b86b19ba av_one_full  avia-builder-el-5  el_after_av_textblock  avia-builder-el-last  first flex_column_div  av-animated-generic bottom-to-top column-top-margin'   ><section  class='av_textblock_section av-83zof-c6b8595f69ef087c57005a8f50ab1887'  itemscope=\"itemscope\" itemtype=\"https:\/\/schema.org\/CreativeWork\" ><div class='avia_textblock'  itemprop=\"text\" ><p>Temel \u0130n\u015faat, bir binan\u0131n ana yap\u0131sal bile\u015fenlerinin olu\u015fturulmas\u0131n\u0131n ilk ad\u0131m\u0131d\u0131r. Bu a\u015fama tamamland\u0131\u011f\u0131nda, daha sonraki a\u015famalar olan i\u00e7 dekorasyon, tesisat ve elektrik i\u015fleri gibi ince detaylara ge\u00e7ilir. Ba\u015far\u0131l\u0131 bir kaba in\u015faat, binan\u0131n dayan\u0131kl\u0131l\u0131\u011f\u0131n\u0131, g\u00fcvenli\u011fini ve uzun vadeli performans\u0131n\u0131 sa\u011flamla\u015ft\u0131r\u0131r.<\/p>\n<\/div><\/section><\/div>\n","protected":false},"excerpt":{"rendered":"","protected":false},"author":1,"featured_media":0,"parent":25,"menu_order":2,"comment_status":"closed","ping_status":"closed","template":"","meta":{"footnotes":""},"class_list":["post-135","page","type-page","status-publish","hentry"],"aioseo_notices":[],"_links":{"self":[{"href":"https:\/\/www.hedefyapimuhendislik.com.tr\/index.php\/wp-json\/wp\/v2\/pages\/135","targetHints":{"allow":["GET"]}}],"collection":[{"href":"https:\/\/www.hedefyapimuhendislik.com.tr\/index.php\/wp-json\/wp\/v2\/pages"}],"about":[{"href":"https:\/\/www.hedefyapimuhendislik.com.tr\/index.php\/wp-json\/wp\/v2\/types\/page"}],"author":[{"embeddable":true,"href":"https:\/\/www.hedefyapimuhendislik.com.tr\/index.php\/wp-json\/wp\/v2\/users\/1"}],"replies":[{"embeddable":true,"href":"https:\/\/www.hedefyapimuhendislik.com.tr\/index.php\/wp-json\/wp\/v2\/comments?post=135"}],"version-history":[{"count":8,"href":"https:\/\/www.hedefyapimuhendislik.com.tr\/index.php\/wp-json\/wp\/v2\/pages\/135\/revisions"}],"predecessor-version":[{"id":607,"href":"https:\/\/www.hedefyapimuhendislik.com.tr\/index.php\/wp-json\/wp\/v2\/pages\/135\/revisions\/607"}],"up":[{"embeddable":true,"href":"https:\/\/www.hedefyapimuhendislik.com.tr\/index.php\/wp-json\/wp\/v2\/pages\/25"}],"wp:attachment":[{"href":"https:\/\/www.hedefyapimuhendislik.com.tr\/index.php\/wp-json\/wp\/v2\/media?parent=135"}],"curies":[{"name":"wp","href":"https:\/\/api.w.org\/{rel}","templated":true}]}}